{"id":2947,"date":"2020-04-24T12:01:08","date_gmt":"2020-04-24T12:01:08","guid":{"rendered":"https:\/\/formit.nl\/?page_id=2947"},"modified":"2026-02-11T11:44:32","modified_gmt":"2026-02-11T10:44:32","slug":"technologie","status":"publish","type":"page","link":"https:\/\/formit.nl\/de\/technologie\/","title":{"rendered":"Technologie"},"content":{"rendered":"<div data-elementor-type=\"wp-page\" data-elementor-id=\"2947\" class=\"elementor elementor-2947\" data-elementor-post-type=\"page\">\n\t\t\t\t\t\t<section class=\"elementor-section elementor-top-section elementor-element elementor-element-3f5225a elementor-section-boxed elementor-section-height-default elementor-section-height-default\" data-id=\"3f5225a\" data-element_type=\"section\" data-e-type=\"section\" data-settings=\"{&quot;background_background&quot;:&quot;classic&quot;}\">\n\t\t\t\t\t\t<div class=\"elementor-container elementor-column-gap-default\">\n\t\t\t\t\t<div class=\"elementor-column elementor-col-100 elementor-top-column elementor-element elementor-element-541e234\" data-id=\"541e234\" data-element_type=\"column\" data-e-type=\"column\">\n\t\t\t<div class=\"elementor-widget-wrap elementor-element-populated\">\n\t\t\t\t\t\t<div class=\"elementor-element elementor-element-d3ca596 elementor-widget elementor-widget-breadcrumbs\" data-id=\"d3ca596\" data-element_type=\"widget\" data-e-type=\"widget\" data-widget_type=\"breadcrumbs.default\">\n\t\t\t\t<div class=\"elementor-widget-container\">\n\t\t\t\t\t<p id=\"breadcrumbs\"><span><span><a href=\"https:\/\/formit.nl\/de\/\">Startseite<\/a><\/span><\/span><\/p>\t\t\t\t<\/div>\n\t\t\t\t<\/div>\n\t\t\t\t\t<\/div>\n\t\t<\/div>\n\t\t\t\t\t<\/div>\n\t\t<\/section>\n\t\t\t\t<section class=\"elementor-section elementor-top-section elementor-element elementor-element-6bc34b8 elementor-section-boxed elementor-section-height-default elementor-section-height-default\" data-id=\"6bc34b8\" data-element_type=\"section\" data-e-type=\"section\">\n\t\t\t\t\t\t<div class=\"elementor-container elementor-column-gap-default\">\n\t\t\t\t\t<div class=\"elementor-column elementor-col-50 elementor-top-column elementor-element elementor-element-b02c6a0\" data-id=\"b02c6a0\" data-element_type=\"column\" data-e-type=\"column\">\n\t\t\t<div class=\"elementor-widget-wrap elementor-element-populated\">\n\t\t\t\t\t\t<div class=\"elementor-element elementor-element-e9a3486 elementor-cta--valign-middle elementor-cta--skin-classic elementor-animated-content elementor-widget elementor-widget-call-to-action\" data-id=\"e9a3486\" data-element_type=\"widget\" data-e-type=\"widget\" data-widget_type=\"call-to-action.default\">\n\t\t\t\t<div class=\"elementor-widget-container\">\n\t\t\t\t\t\t\t<a class=\"elementor-cta\" href=\"\/de\/technologie\/technik\/\">\n\t\t\t\t\t<div class=\"elementor-cta__bg-wrapper\">\n\t\t\t\t<div class=\"elementor-cta__bg elementor-bg\" style=\"background-image: url(https:\/\/formit.nl\/wp-content\/uploads\/2020\/12\/Formit-Kunststof-behuizinen-engineering-close-up.jpg);\" role=\"img\" aria-label=\"Formit Kunststoffgeh\u00e4use Technik hautnah\"><\/div>\n\t\t\t\t<div class=\"elementor-cta__bg-overlay\"><\/div>\n\t\t\t<\/div>\n\t\t\t\t\t\t\t<div class=\"elementor-cta__content\">\n\t\t\t\t\n\t\t\t\t\t\t\t\t\t<h2 class=\"elementor-cta__title elementor-cta__content-item elementor-content-item\">\n\t\t\t\t\t\tEngineering\t\t\t\t\t<\/h2>\n\t\t\t\t\n\t\t\t\t\t\t\t\t\t<div class=\"elementor-cta__description elementor-cta__content-item elementor-content-item\">\n\t\t\t\t\t\tDie Schritte zur Realisierung eines Kunststoffgeh\u00e4uses.\t\t\t\t\t<\/div>\n\t\t\t\t\n\t\t\t\t\t\t\t<\/div>\n\t\t\t\t\t\t<\/a>\n\t\t\t\t\t\t<\/div>\n\t\t\t\t<\/div>\n\t\t\t\t\t<\/div>\n\t\t<\/div>\n\t\t\t\t<div class=\"elementor-column elementor-col-50 elementor-top-column elementor-element elementor-element-ce51912\" data-id=\"ce51912\" data-element_type=\"column\" data-e-type=\"column\">\n\t\t\t<div class=\"elementor-widget-wrap elementor-element-populated\">\n\t\t\t\t\t\t<div class=\"elementor-element elementor-element-9401336 elementor-cta--valign-middle elementor-cta--skin-classic elementor-animated-content elementor-widget elementor-widget-call-to-action\" data-id=\"9401336\" data-element_type=\"widget\" data-e-type=\"widget\" data-widget_type=\"call-to-action.default\">\n\t\t\t\t<div class=\"elementor-widget-container\">\n\t\t\t\t\t\t\t<a class=\"elementor-cta\" href=\"\/de\/technologie\/bearbeiten\/\">\n\t\t\t\t\t<div class=\"elementor-cta__bg-wrapper\">\n\t\t\t\t<div class=\"elementor-cta__bg elementor-bg\" style=\"background-image: url(https:\/\/formit.nl\/wp-content\/uploads\/2020\/12\/Formit-kunststof-behuizingen-buigen-2-1024x682.jpg);\" role=\"img\" aria-label=\"Formit Kunststoffgeh\u00e4use biegen thermisch und kalt biegen\"><\/div>\n\t\t\t\t<div class=\"elementor-cta__bg-overlay\"><\/div>\n\t\t\t<\/div>\n\t\t\t\t\t\t\t<div class=\"elementor-cta__content\">\n\t\t\t\t\n\t\t\t\t\t\t\t\t\t<h2 class=\"elementor-cta__title elementor-cta__content-item elementor-content-item\">\n\t\t\t\t\t\tBearbeitung\t\t\t\t\t<\/h2>\n\t\t\t\t\n\t\t\t\t\t\t\t\t\t<div class=\"elementor-cta__description elementor-cta__content-item elementor-content-item\">\n\t\t\t\t\t\tAlle Verfahren f\u00fcr Kunststoffplatten innerhalb von Formit BV.\t\t\t\t\t<\/div>\n\t\t\t\t\n\t\t\t\t\t\t\t<\/div>\n\t\t\t\t\t\t<\/a>\n\t\t\t\t\t\t<\/div>\n\t\t\t\t<\/div>\n\t\t\t\t\t<\/div>\n\t\t<\/div>\n\t\t\t\t\t<\/div>\n\t\t<\/section>\n\t\t\t\t<section class=\"elementor-section elementor-top-section elementor-element elementor-element-e0ef4da elementor-section-boxed elementor-section-height-default elementor-section-height-default\" data-id=\"e0ef4da\" data-element_type=\"section\" data-e-type=\"section\">\n\t\t\t\t\t\t<div class=\"elementor-container elementor-column-gap-default\">\n\t\t\t\t\t<div class=\"elementor-column elementor-col-50 elementor-top-column elementor-element elementor-element-e6c4c6d\" data-id=\"e6c4c6d\" data-element_type=\"column\" data-e-type=\"column\">\n\t\t\t<div class=\"elementor-widget-wrap elementor-element-populated\">\n\t\t\t\t\t\t<div class=\"elementor-element elementor-element-bdf1c37 elementor-cta--valign-middle elementor-cta--skin-classic elementor-animated-content elementor-widget elementor-widget-call-to-action\" data-id=\"bdf1c37\" data-element_type=\"widget\" data-e-type=\"widget\" data-widget_type=\"call-to-action.default\">\n\t\t\t\t<div class=\"elementor-widget-container\">\n\t\t\t\t\t\t\t<a class=\"elementor-cta\" href=\"\/de\/technologie\/nachbearbeitung\/\">\n\t\t\t\t\t<div class=\"elementor-cta__bg-wrapper\">\n\t\t\t\t<div class=\"elementor-cta__bg elementor-bg\" style=\"background-image: url(https:\/\/formit.nl\/wp-content\/uploads\/2020\/12\/Formit-kunststof-behuizingen-product-modem-installatie-1024x682.jpg);\" role=\"img\" aria-label=\"Formit-Kunststoffgeh\u00e4use Produkt Modeminstallation\"><\/div>\n\t\t\t\t<div class=\"elementor-cta__bg-overlay\"><\/div>\n\t\t\t<\/div>\n\t\t\t\t\t\t\t<div class=\"elementor-cta__content\">\n\t\t\t\t\n\t\t\t\t\t\t\t\t\t<h2 class=\"elementor-cta__title elementor-cta__content-item elementor-content-item\">\n\t\t\t\t\t\tNachbearbeitung\u200b\t\t\t\t\t<\/h2>\n\t\t\t\t\n\t\t\t\t\t\t\t\t\t<div class=\"elementor-cta__description elementor-cta__content-item elementor-content-item\">\n\t\t\t\t\t\tVerschiedene Verfahren, um Ihr Produkt fertigzustellen.\t\t\t\t\t<\/div>\n\t\t\t\t\n\t\t\t\t\t\t\t<\/div>\n\t\t\t\t\t\t<\/a>\n\t\t\t\t\t\t<\/div>\n\t\t\t\t<\/div>\n\t\t\t\t\t<\/div>\n\t\t<\/div>\n\t\t\t\t<div class=\"elementor-column elementor-col-50 elementor-top-column elementor-element elementor-element-b9b4e9c\" data-id=\"b9b4e9c\" data-element_type=\"column\" data-e-type=\"column\">\n\t\t\t<div class=\"elementor-widget-wrap elementor-element-populated\">\n\t\t\t\t\t\t<div class=\"elementor-element elementor-element-771910e elementor-cta--valign-middle elementor-cta--skin-classic elementor-animated-content elementor-widget elementor-widget-call-to-action\" data-id=\"771910e\" data-element_type=\"widget\" data-e-type=\"widget\" data-widget_type=\"call-to-action.default\">\n\t\t\t\t<div class=\"elementor-widget-container\">\n\t\t\t\t\t\t\t<a class=\"elementor-cta\" href=\"\/de\/technologie\/materialien\/\">\n\t\t\t\t\t<div class=\"elementor-cta__bg-wrapper\">\n\t\t\t\t<div class=\"elementor-cta__bg elementor-bg\" style=\"background-image: url(https:\/\/formit.nl\/wp-content\/uploads\/2020\/12\/Formit-magazijn-stellingen-1024x683.jpg);\" role=\"img\" aria-label=\"Formit-Lagerregale\"><\/div>\n\t\t\t\t<div class=\"elementor-cta__bg-overlay\"><\/div>\n\t\t\t<\/div>\n\t\t\t\t\t\t\t<div class=\"elementor-cta__content\">\n\t\t\t\t\n\t\t\t\t\t\t\t\t\t<h2 class=\"elementor-cta__title elementor-cta__content-item elementor-content-item\">\n\t\t\t\t\t\tMaterialien\t\t\t\t\t<\/h2>\n\t\t\t\t\n\t\t\t\t\t\t\t\t\t<div class=\"elementor-cta__description elementor-cta__content-item elementor-content-item\">\n\t\t\t\t\t\tDie am h\u00e4ufigsten verwendeten Materialien.\t\t\t\t\t<\/div>\n\t\t\t\t\n\t\t\t\t\t\t\t<\/div>\n\t\t\t\t\t\t<\/a>\n\t\t\t\t\t\t<\/div>\n\t\t\t\t<\/div>\n\t\t\t\t\t<\/div>\n\t\t<\/div>\n\t\t\t\t\t<\/div>\n\t\t<\/section>\n\t\t\t\t<section class=\"elementor-section elementor-top-section elementor-element elementor-element-4878e2b elementor-section-boxed elementor-section-height-default elementor-section-height-default\" data-id=\"4878e2b\" data-element_type=\"section\" data-e-type=\"section\" data-settings=\"{&quot;background_background&quot;:&quot;gradient&quot;}\">\n\t\t\t\t\t\t<div class=\"elementor-container elementor-column-gap-no\">\n\t\t\t\t\t<div class=\"elementor-column elementor-col-100 elementor-top-column elementor-element elementor-element-d043557\" data-id=\"d043557\" data-element_type=\"column\" data-e-type=\"column\">\n\t\t\t<div class=\"elementor-widget-wrap elementor-element-populated\">\n\t\t\t\t\t\t<section class=\"elementor-section elementor-inner-section elementor-element elementor-element-0869b92 elementor-section-boxed elementor-section-height-default elementor-section-height-default\" data-id=\"0869b92\" data-element_type=\"section\" data-e-type=\"section\">\n\t\t\t\t\t\t<div class=\"elementor-container elementor-column-gap-default\">\n\t\t\t\t\t<div class=\"elementor-column elementor-col-50 elementor-inner-column elementor-element elementor-element-817fbcb\" data-id=\"817fbcb\" data-element_type=\"column\" data-e-type=\"column\">\n\t\t\t<div class=\"elementor-widget-wrap elementor-element-populated\">\n\t\t\t\t\t\t<div class=\"elementor-element elementor-element-ebecc6c formitshadow elementor-widget elementor-widget-image\" data-id=\"ebecc6c\" data-element_type=\"widget\" data-e-type=\"widget\" data-settings=\"{&quot;_animation&quot;:&quot;none&quot;}\" data-widget_type=\"image.default\">\n\t\t\t\t<div class=\"elementor-widget-container\">\n\t\t\t\t\t\t\t\t\t\t\t\t\t\t\t<img fetchpriority=\"high\" decoding=\"async\" width=\"2200\" height=\"1466\" src=\"https:\/\/formit.nl\/wp-content\/uploads\/2020\/12\/Formit-kunststof-behuizingen-frezen-2-1.jpg\" class=\"attachment-full size-full wp-image-4379\" alt=\"Formit-Fr\u00e4sen von Kunststoffgeh\u00e4usen 2\" srcset=\"https:\/\/formit.nl\/wp-content\/uploads\/2020\/12\/Formit-kunststof-behuizingen-frezen-2-1.jpg 2200w, https:\/\/formit.nl\/wp-content\/uploads\/2020\/12\/Formit-kunststof-behuizingen-frezen-2-1-300x200.jpg 300w, https:\/\/formit.nl\/wp-content\/uploads\/2020\/12\/Formit-kunststof-behuizingen-frezen-2-1-1024x682.jpg 1024w, https:\/\/formit.nl\/wp-content\/uploads\/2020\/12\/Formit-kunststof-behuizingen-frezen-2-1-768x512.jpg 768w, https:\/\/formit.nl\/wp-content\/uploads\/2020\/12\/Formit-kunststof-behuizingen-frezen-2-1-1536x1024.jpg 1536w, https:\/\/formit.nl\/wp-content\/uploads\/2020\/12\/Formit-kunststof-behuizingen-frezen-2-1-2048x1365.jpg 2048w\" sizes=\"(max-width: 2200px) 100vw, 2200px\" \/>\t\t\t\t\t\t\t\t\t\t\t\t\t\t\t<\/div>\n\t\t\t\t<\/div>\n\t\t\t\t\t<\/div>\n\t\t<\/div>\n\t\t\t\t<div class=\"elementor-column elementor-col-50 elementor-inner-column elementor-element elementor-element-83bbedd\" data-id=\"83bbedd\" data-element_type=\"column\" data-e-type=\"column\">\n\t\t\t<div class=\"elementor-widget-wrap elementor-element-populated\">\n\t\t\t\t\t\t<div class=\"elementor-element elementor-element-36dc40b elementor-widget elementor-widget-heading\" data-id=\"36dc40b\" data-element_type=\"widget\" data-e-type=\"widget\" data-widget_type=\"heading.default\">\n\t\t\t\t<div class=\"elementor-widget-container\">\n\t\t\t\t\t<h2 class=\"elementor-heading-title elementor-size-default\">Technologie von Formit BV<\/h2>\t\t\t\t<\/div>\n\t\t\t\t<\/div>\n\t\t\t\t<div class=\"elementor-element elementor-element-cc93f6f elementor-widget elementor-widget-text-editor\" data-id=\"cc93f6f\" data-element_type=\"widget\" data-e-type=\"widget\" data-widget_type=\"text-editor.default\">\n\t\t\t\t<div class=\"elementor-widget-container\">\n\t\t\t\t\t\t\t\t\t<p><span style=\"background-color: transparent; letter-spacing: 0em;\">Die Technologie, mit der Formit BV seine Geh\u00e4use und Halbzeuge herstellt, basiert auf Kunststoffblech. Zun\u00e4chst wird in Absprache mit dem Kunden ein Design erstellt. Dieses Design wird dann in ein 3D-CAD-Modell \u00fcbersetzt. Anschlie\u00dfend werden Plattenzuschnitte aus den ben\u00f6tigten Teilen hergestellt. Diese werden dann gefr\u00e4st, ges\u00e4gt, facettiert, gebogen und zusammengeschwei\u00dft. Die verwendete Technik wird auch Planar Modular Production (PMP) genannt.<\/span><\/p>\t\t\t\t\t\t\t\t<\/div>\n\t\t\t\t<\/div>\n\t\t\t\t\t<\/div>\n\t\t<\/div>\n\t\t\t\t\t<\/div>\n\t\t<\/section>\n\t\t\t\t\t<\/div>\n\t\t<\/div>\n\t\t\t\t\t<\/div>\n\t\t<\/section>\n\t\t\t\t<section class=\"elementor-section elementor-top-section elementor-element elementor-element-9af05c1 elementor-hidden-tablet elementor-hidden-phone elementor-section-boxed elementor-section-height-default elementor-section-height-default\" data-id=\"9af05c1\" data-element_type=\"section\" data-e-type=\"section\">\n\t\t\t\t\t\t<div class=\"elementor-container elementor-column-gap-no\">\n\t\t\t\t\t<div class=\"elementor-column elementor-col-100 elementor-top-column elementor-element elementor-element-9cc476c\" data-id=\"9cc476c\" data-element_type=\"column\" data-e-type=\"column\">\n\t\t\t<div class=\"elementor-widget-wrap elementor-element-populated\">\n\t\t\t\t\t\t<div class=\"elementor-element elementor-element-001de80 elementor-widget__width-initial elementor-absolute elementor-widget elementor-widget-image\" data-id=\"001de80\" data-element_type=\"widget\" data-e-type=\"widget\" data-settings=\"{&quot;_position&quot;:&quot;absolute&quot;}\" data-widget_type=\"image.default\">\n\t\t\t\t<div class=\"elementor-widget-container\">\n\t\t\t\t\t\t\t\t\t\t\t\t\t\t\t<img decoding=\"async\" src=\"https:\/\/formit.nl\/wp-content\/uploads\/2019\/12\/service-effect.svg\" class=\"attachment-full size-full wp-image-375\" alt=\"Service-Effekt\" \/>\t\t\t\t\t\t\t\t\t\t\t\t\t\t\t<\/div>\n\t\t\t\t<\/div>\n\t\t\t\t\t<\/div>\n\t\t<\/div>\n\t\t\t\t\t<\/div>\n\t\t<\/section>\n\t\t\t\t<\/div>","protected":false},"excerpt":{"rendered":"<p>Engineering De stappen voor realisatie van een kunststof behuizing. Bewerkingen Alle bewerkingen voor kunststof platen binnen Formit BV. Nabewerkingen\u200b Diverse bewerkingen om je product af te maken. Materialen De meest gebruikte materialen. Technologie van Formit BV De technologie waarmee Formit BV haar behuizingen en halffabrikaten produceert is gebaseerd op kunststof plaatwerk. Eerst wordt in samenspraak [&hellip;]<\/p>\n","protected":false},"author":1,"featured_media":0,"parent":0,"menu_order":0,"comment_status":"closed","ping_status":"closed","template":"elementor_header_footer","meta":{"_acf_changed":false,"footnotes":""},"class_list":["post-2947","page","type-page","status-publish","hentry"],"acf":[],"yoast_head":"<!-- This site is optimized with the Yoast SEO plugin v27.5 - https:\/\/yoast.com\/product\/yoast-seo-wordpress\/ -->\n<title>Technologie, produceren van behuizingen en halffabrikaten - Formit BV<\/title>\n<meta name=\"description\" content=\"Kunststof behuizingen en halffabrikaten met behulp van Planar Modular Production (PMP) technologie. Van ontwerp tot 3D CAD-modellen.\" \/>\n<meta name=\"robots\" content=\"index, follow, max-snippet:-1, max-image-preview:large, max-video-preview:-1\" \/>\n<link rel=\"canonical\" href=\"https:\/\/formit.nl\/de\/technologie\/\" \/>\n<meta property=\"og:locale\" content=\"de_DE\" \/>\n<meta property=\"og:type\" content=\"article\" \/>\n<meta property=\"og:title\" content=\"Technologie, produceren van behuizingen en halffabrikaten - Formit BV\" \/>\n<meta property=\"og:description\" content=\"Kunststof behuizingen en halffabrikaten met behulp van Planar Modular Production (PMP) technologie. Van ontwerp tot 3D CAD-modellen.\" \/>\n<meta property=\"og:url\" content=\"https:\/\/formit.nl\/de\/technologie\/\" \/>\n<meta property=\"og:site_name\" content=\"Formit BV\" \/>\n<meta property=\"article:modified_time\" content=\"2026-02-11T10:44:32+00:00\" \/>\n<meta property=\"og:image\" content=\"https:\/\/formit.nl\/wp-content\/uploads\/2020\/12\/Formit-kunststof-behuizingen-frezen-2-1.jpg\" \/>\n\t<meta property=\"og:image:width\" content=\"2200\" \/>\n\t<meta property=\"og:image:height\" content=\"1466\" \/>\n\t<meta property=\"og:image:type\" content=\"image\/jpeg\" \/>\n<meta name=\"twitter:card\" content=\"summary_large_image\" \/>\n<meta name=\"twitter:label1\" content=\"Gesch\u00e4tzte Lesezeit\" \/>\n\t<meta name=\"twitter:data1\" content=\"1\u00a0Minute\" \/>\n<script type=\"application\/ld+json\" class=\"yoast-schema-graph\">{\"@context\":\"https:\\\/\\\/schema.org\",\"@graph\":[{\"@type\":\"WebPage\",\"@id\":\"https:\\\/\\\/formit.nl\\\/technologie\\\/\",\"url\":\"https:\\\/\\\/formit.nl\\\/technologie\\\/\",\"name\":\"Technologie, produceren van behuizingen en halffabrikaten - Formit BV\",\"isPartOf\":{\"@id\":\"https:\\\/\\\/formit.nl\\\/#website\"},\"primaryImageOfPage\":{\"@id\":\"https:\\\/\\\/formit.nl\\\/technologie\\\/#primaryimage\"},\"image\":{\"@id\":\"https:\\\/\\\/formit.nl\\\/technologie\\\/#primaryimage\"},\"thumbnailUrl\":\"https:\\\/\\\/formit.nl\\\/wp-content\\\/uploads\\\/2020\\\/12\\\/Formit-kunststof-behuizingen-frezen-2-1.jpg\",\"datePublished\":\"2020-04-24T12:01:08+00:00\",\"dateModified\":\"2026-02-11T10:44:32+00:00\",\"description\":\"Kunststof behuizingen en halffabrikaten met behulp van Planar Modular Production (PMP) technologie. Van ontwerp tot 3D CAD-modellen.\",\"breadcrumb\":{\"@id\":\"https:\\\/\\\/formit.nl\\\/technologie\\\/#breadcrumb\"},\"inLanguage\":\"de\",\"potentialAction\":[{\"@type\":\"ReadAction\",\"target\":[\"https:\\\/\\\/formit.nl\\\/technologie\\\/\"]}]},{\"@type\":\"ImageObject\",\"inLanguage\":\"de\",\"@id\":\"https:\\\/\\\/formit.nl\\\/technologie\\\/#primaryimage\",\"url\":\"https:\\\/\\\/formit.nl\\\/wp-content\\\/uploads\\\/2020\\\/12\\\/Formit-kunststof-behuizingen-frezen-2-1.jpg\",\"contentUrl\":\"https:\\\/\\\/formit.nl\\\/wp-content\\\/uploads\\\/2020\\\/12\\\/Formit-kunststof-behuizingen-frezen-2-1.jpg\"},{\"@type\":\"BreadcrumbList\",\"@id\":\"https:\\\/\\\/formit.nl\\\/technologie\\\/#breadcrumb\",\"itemListElement\":[{\"@type\":\"ListItem\",\"position\":1,\"name\":\"Home\",\"item\":\"https:\\\/\\\/formit.nl\\\/\"},{\"@type\":\"ListItem\",\"position\":2,\"name\":\"Technologie\"}]},{\"@type\":\"WebSite\",\"@id\":\"https:\\\/\\\/formit.nl\\\/#website\",\"url\":\"https:\\\/\\\/formit.nl\\\/\",\"name\":\"Formit BV\",\"description\":\"Kunststof behuizingen zonder matrijzen - behuizing op maat\",\"publisher\":{\"@id\":\"https:\\\/\\\/formit.nl\\\/#organization\"},\"potentialAction\":[{\"@type\":\"SearchAction\",\"target\":{\"@type\":\"EntryPoint\",\"urlTemplate\":\"https:\\\/\\\/formit.nl\\\/?s={search_term_string}\"},\"query-input\":{\"@type\":\"PropertyValueSpecification\",\"valueRequired\":true,\"valueName\":\"search_term_string\"}}],\"inLanguage\":\"de\"},{\"@type\":\"Organization\",\"@id\":\"https:\\\/\\\/formit.nl\\\/#organization\",\"name\":\"Formit BV\",\"url\":\"https:\\\/\\\/formit.nl\\\/\",\"logo\":{\"@type\":\"ImageObject\",\"inLanguage\":\"de\",\"@id\":\"https:\\\/\\\/formit.nl\\\/#\\\/schema\\\/logo\\\/image\\\/\",\"url\":\"https:\\\/\\\/formit.nl\\\/wp-content\\\/uploads\\\/2020\\\/04\\\/formit_logo_300.png\",\"contentUrl\":\"https:\\\/\\\/formit.nl\\\/wp-content\\\/uploads\\\/2020\\\/04\\\/formit_logo_300.png\",\"width\":1134,\"height\":301,\"caption\":\"Formit BV\"},\"image\":{\"@id\":\"https:\\\/\\\/formit.nl\\\/#\\\/schema\\\/logo\\\/image\\\/\"}}]}<\/script>\n<!-- \/ Yoast SEO plugin. -->","yoast_head_json":{"title":"echnologie, Herstellung von Geh\u00e4usen und Halbfertigprodukten \u2013 Formit BV","description":"Kunststoffgeh\u00e4use und Halbfertigprodukte mit der Planar Modular Production (PMP)-Technologie. Vom Entwurf bis zum 3D-CAD-Modell.","robots":{"index":"index","follow":"follow","max-snippet":"max-snippet:-1","max-image-preview":"max-image-preview:large","max-video-preview":"max-video-preview:-1"},"canonical":"https:\/\/formit.nl\/de\/technologie\/","og_locale":"de_DE","og_type":"article","og_title":"Technologie, produceren van behuizingen en halffabrikaten - Formit BV","og_description":"Kunststof behuizingen en halffabrikaten met behulp van Planar Modular Production (PMP) technologie. Van ontwerp tot 3D CAD-modellen.","og_url":"https:\/\/formit.nl\/de\/technologie\/","og_site_name":"Formit BV","article_modified_time":"2026-02-11T10:44:32+00:00","og_image":[{"width":2200,"height":1466,"url":"https:\/\/formit.nl\/wp-content\/uploads\/2020\/12\/Formit-kunststof-behuizingen-frezen-2-1.jpg","type":"image\/jpeg"}],"twitter_card":"summary_large_image","twitter_misc":{"Gesch\u00e4tzte Lesezeit":"1\u00a0Minute"},"schema":{"@context":"https:\/\/schema.org","@graph":[{"@type":"WebPage","@id":"https:\/\/formit.nl\/technologie\/","url":"https:\/\/formit.nl\/technologie\/","name":"echnologie, Herstellung von Geh\u00e4usen und Halbfertigprodukten \u2013 Formit BV","isPartOf":{"@id":"https:\/\/formit.nl\/#website"},"primaryImageOfPage":{"@id":"https:\/\/formit.nl\/technologie\/#primaryimage"},"image":{"@id":"https:\/\/formit.nl\/technologie\/#primaryimage"},"thumbnailUrl":"https:\/\/formit.nl\/wp-content\/uploads\/2020\/12\/Formit-kunststof-behuizingen-frezen-2-1.jpg","datePublished":"2020-04-24T12:01:08+00:00","dateModified":"2026-02-11T10:44:32+00:00","description":"Kunststoffgeh\u00e4use und Halbfertigprodukte mit der Planar Modular Production (PMP)-Technologie. Vom Entwurf bis zum 3D-CAD-Modell.","breadcrumb":{"@id":"https:\/\/formit.nl\/technologie\/#breadcrumb"},"inLanguage":"de","potentialAction":[{"@type":"ReadAction","target":["https:\/\/formit.nl\/technologie\/"]}]},{"@type":"ImageObject","inLanguage":"de","@id":"https:\/\/formit.nl\/technologie\/#primaryimage","url":"https:\/\/formit.nl\/wp-content\/uploads\/2020\/12\/Formit-kunststof-behuizingen-frezen-2-1.jpg","contentUrl":"https:\/\/formit.nl\/wp-content\/uploads\/2020\/12\/Formit-kunststof-behuizingen-frezen-2-1.jpg"},{"@type":"BreadcrumbList","@id":"https:\/\/formit.nl\/technologie\/#breadcrumb","itemListElement":[{"@type":"ListItem","position":1,"name":"Home","item":"https:\/\/formit.nl\/"},{"@type":"ListItem","position":2,"name":"Technologie"}]},{"@type":"WebSite","@id":"https:\/\/formit.nl\/#website","url":"https:\/\/formit.nl\/","name":"Formit BV","description":"Kunststoffgeh\u00e4use ohne Formen - Sondergeh\u00e4use","publisher":{"@id":"https:\/\/formit.nl\/#organization"},"potentialAction":[{"@type":"SearchAction","target":{"@type":"EntryPoint","urlTemplate":"https:\/\/formit.nl\/?s={search_term_string}"},"query-input":{"@type":"PropertyValueSpecification","valueRequired":true,"valueName":"search_term_string"}}],"inLanguage":"de"},{"@type":"Organization","@id":"https:\/\/formit.nl\/#organization","name":"Formit BV","url":"https:\/\/formit.nl\/","logo":{"@type":"ImageObject","inLanguage":"de","@id":"https:\/\/formit.nl\/#\/schema\/logo\/image\/","url":"https:\/\/formit.nl\/wp-content\/uploads\/2020\/04\/formit_logo_300.png","contentUrl":"https:\/\/formit.nl\/wp-content\/uploads\/2020\/04\/formit_logo_300.png","width":1134,"height":301,"caption":"Formit BV"},"image":{"@id":"https:\/\/formit.nl\/#\/schema\/logo\/image\/"}}]}},"_links":{"self":[{"href":"https:\/\/formit.nl\/de\/wp-json\/wp\/v2\/pages\/2947","targetHints":{"allow":["GET"]}}],"collection":[{"href":"https:\/\/formit.nl\/de\/wp-json\/wp\/v2\/pages"}],"about":[{"href":"https:\/\/formit.nl\/de\/wp-json\/wp\/v2\/types\/page"}],"author":[{"embeddable":true,"href":"https:\/\/formit.nl\/de\/wp-json\/wp\/v2\/users\/1"}],"replies":[{"embeddable":true,"href":"https:\/\/formit.nl\/de\/wp-json\/wp\/v2\/comments?post=2947"}],"version-history":[{"count":119,"href":"https:\/\/formit.nl\/de\/wp-json\/wp\/v2\/pages\/2947\/revisions"}],"predecessor-version":[{"id":6406,"href":"https:\/\/formit.nl\/de\/wp-json\/wp\/v2\/pages\/2947\/revisions\/6406"}],"wp:attachment":[{"href":"https:\/\/formit.nl\/de\/wp-json\/wp\/v2\/media?parent=2947"}],"curies":[{"name":"wp","href":"https:\/\/api.w.org\/{rel}","templated":true}]}}