{"id":3087,"date":"2020-04-29T13:08:49","date_gmt":"2020-04-29T13:08:49","guid":{"rendered":"https:\/\/formit.nl\/?page_id=3087"},"modified":"2026-02-11T12:05:46","modified_gmt":"2026-02-11T11:05:46","slug":"frasen","status":"publish","type":"page","link":"https:\/\/formit.nl\/de\/technologie\/bewerking\/frezen\/","title":{"rendered":"Fr\u00e4sen"},"content":{"rendered":"<div data-elementor-type=\"wp-page\" data-elementor-id=\"3087\" class=\"elementor elementor-3087\" data-elementor-post-type=\"page\">\n\t\t\t\t\t\t<section class=\"elementor-section elementor-top-section elementor-element elementor-element-9b259fc elementor-section-boxed elementor-section-height-default elementor-section-height-default\" data-id=\"9b259fc\" data-element_type=\"section\" data-e-type=\"section\" data-settings=\"{&quot;background_background&quot;:&quot;classic&quot;}\">\n\t\t\t\t\t\t<div class=\"elementor-container elementor-column-gap-default\">\n\t\t\t\t\t<div class=\"elementor-column elementor-col-100 elementor-top-column elementor-element elementor-element-78b1c5a\" data-id=\"78b1c5a\" data-element_type=\"column\" data-e-type=\"column\">\n\t\t\t<div class=\"elementor-widget-wrap elementor-element-populated\">\n\t\t\t\t\t\t<div class=\"elementor-element elementor-element-7f668ba elementor-widget elementor-widget-breadcrumbs\" data-id=\"7f668ba\" data-element_type=\"widget\" data-e-type=\"widget\" data-widget_type=\"breadcrumbs.default\">\n\t\t\t\t<div class=\"elementor-widget-container\">\n\t\t\t\t\t<p id=\"breadcrumbs\"><span><span><a href=\"https:\/\/formit.nl\/de\/\">Startseite<\/a><\/span><\/span><\/p>\t\t\t\t<\/div>\n\t\t\t\t<\/div>\n\t\t\t\t\t<\/div>\n\t\t<\/div>\n\t\t\t\t\t<\/div>\n\t\t<\/section>\n\t\t\t\t<section class=\"elementor-section elementor-top-section elementor-element elementor-element-0fc6a83 elementor-section-boxed elementor-section-height-default elementor-section-height-default\" data-id=\"0fc6a83\" data-element_type=\"section\" data-e-type=\"section\" data-settings=\"{&quot;background_background&quot;:&quot;gradient&quot;}\">\n\t\t\t\t\t\t<div class=\"elementor-container elementor-column-gap-no\">\n\t\t\t\t\t<div class=\"elementor-column elementor-col-100 elementor-top-column elementor-element elementor-element-82015f3\" data-id=\"82015f3\" data-element_type=\"column\" data-e-type=\"column\">\n\t\t\t<div class=\"elementor-widget-wrap elementor-element-populated\">\n\t\t\t\t\t\t<section class=\"elementor-section elementor-inner-section elementor-element elementor-element-8f50020 elementor-section-boxed elementor-section-height-default elementor-section-height-default\" data-id=\"8f50020\" data-element_type=\"section\" data-e-type=\"section\">\n\t\t\t\t\t\t<div class=\"elementor-container elementor-column-gap-default\">\n\t\t\t\t\t<div class=\"elementor-column elementor-col-50 elementor-inner-column elementor-element elementor-element-581e48a\" data-id=\"581e48a\" data-element_type=\"column\" data-e-type=\"column\">\n\t\t\t<div class=\"elementor-widget-wrap elementor-element-populated\">\n\t\t\t\t\t\t<div class=\"elementor-element elementor-element-6e438f7 formitshadow elementor-widget elementor-widget-image\" data-id=\"6e438f7\" data-element_type=\"widget\" data-e-type=\"widget\" data-widget_type=\"image.default\">\n\t\t\t\t<div class=\"elementor-widget-container\">\n\t\t\t\t\t\t\t\t\t\t\t\t\t\t\t<img fetchpriority=\"high\" decoding=\"async\" width=\"2200\" height=\"1466\" src=\"https:\/\/formit.nl\/wp-content\/uploads\/2020\/12\/Formit-kunststof-behuizingen-frezen-2-1.jpg\" class=\"attachment-full size-full wp-image-4379\" alt=\"Formit-Fr\u00e4sen von Kunststoffgeh\u00e4usen 2\" srcset=\"https:\/\/formit.nl\/wp-content\/uploads\/2020\/12\/Formit-kunststof-behuizingen-frezen-2-1.jpg 2200w, https:\/\/formit.nl\/wp-content\/uploads\/2020\/12\/Formit-kunststof-behuizingen-frezen-2-1-300x200.jpg 300w, https:\/\/formit.nl\/wp-content\/uploads\/2020\/12\/Formit-kunststof-behuizingen-frezen-2-1-1024x682.jpg 1024w, https:\/\/formit.nl\/wp-content\/uploads\/2020\/12\/Formit-kunststof-behuizingen-frezen-2-1-768x512.jpg 768w, https:\/\/formit.nl\/wp-content\/uploads\/2020\/12\/Formit-kunststof-behuizingen-frezen-2-1-1536x1024.jpg 1536w, https:\/\/formit.nl\/wp-content\/uploads\/2020\/12\/Formit-kunststof-behuizingen-frezen-2-1-2048x1365.jpg 2048w\" sizes=\"(max-width: 2200px) 100vw, 2200px\" \/>\t\t\t\t\t\t\t\t\t\t\t\t\t\t\t<\/div>\n\t\t\t\t<\/div>\n\t\t\t\t\t<\/div>\n\t\t<\/div>\n\t\t\t\t<div class=\"elementor-column elementor-col-50 elementor-inner-column elementor-element elementor-element-b3c16b0\" data-id=\"b3c16b0\" data-element_type=\"column\" data-e-type=\"column\">\n\t\t\t<div class=\"elementor-widget-wrap elementor-element-populated\">\n\t\t\t\t\t\t<div class=\"elementor-element elementor-element-70a11b5 elementor-widget elementor-widget-heading\" data-id=\"70a11b5\" data-element_type=\"widget\" data-e-type=\"widget\" data-widget_type=\"heading.default\">\n\t\t\t\t<div class=\"elementor-widget-container\">\n\t\t\t\t\t<h3 class=\"elementor-heading-title elementor-size-default\">CNC-Fr\u00e4sen von Kunststoff<\/h3>\t\t\t\t<\/div>\n\t\t\t\t<\/div>\n\t\t\t\t<div class=\"elementor-element elementor-element-37bcebe elementor-widget elementor-widget-text-editor\" data-id=\"37bcebe\" data-element_type=\"widget\" data-e-type=\"widget\" data-widget_type=\"text-editor.default\">\n\t\t\t\t<div class=\"elementor-widget-container\">\n\t\t\t\t\t\t\t\t\t<p>Die Kunststoffplatten werden auf CNC-gesteuerten Flachbettfr\u00e4smaschinen (2,5D) gefr\u00e4st. Daf\u00fcr stehen der Formit BV mehr als 15 Maschinen zur Verf\u00fcgung. Wir k\u00f6nnen Platten bis zu einer Gr\u00f6\u00dfe von 3000 x 1500 mm verarbeiten. Die meisten dieser Maschinen sind mit Vakuumtisch und automatischem Messerwechsel und H\u00f6henverstellung ausgestattet. F\u00fcr die Bearbeitung von Standardgeh\u00e4usen verwenden wir pneumatische Spanner zum Spannen der Geh\u00e4use.<\/p>\t\t\t\t\t\t\t\t<\/div>\n\t\t\t\t<\/div>\n\t\t\t\t\t<\/div>\n\t\t<\/div>\n\t\t\t\t\t<\/div>\n\t\t<\/section>\n\t\t\t\t\t<\/div>\n\t\t<\/div>\n\t\t\t\t\t<\/div>\n\t\t<\/section>\n\t\t\t\t<section class=\"elementor-section elementor-top-section elementor-element elementor-element-f778aea elementor-hidden-tablet elementor-hidden-phone elementor-section-boxed elementor-section-height-default elementor-section-height-default\" data-id=\"f778aea\" data-element_type=\"section\" data-e-type=\"section\">\n\t\t\t\t\t\t<div class=\"elementor-container elementor-column-gap-no\">\n\t\t\t\t\t<div class=\"elementor-column elementor-col-100 elementor-top-column elementor-element elementor-element-39d8bab\" data-id=\"39d8bab\" data-element_type=\"column\" data-e-type=\"column\">\n\t\t\t<div class=\"elementor-widget-wrap elementor-element-populated\">\n\t\t\t\t\t\t<div class=\"elementor-element elementor-element-00bfc59 elementor-widget__width-initial elementor-absolute elementor-widget elementor-widget-image\" data-id=\"00bfc59\" data-element_type=\"widget\" data-e-type=\"widget\" data-settings=\"{&quot;_position&quot;:&quot;absolute&quot;}\" data-widget_type=\"image.default\">\n\t\t\t\t<div class=\"elementor-widget-container\">\n\t\t\t\t\t\t\t\t\t\t\t\t\t\t\t<img decoding=\"async\" src=\"https:\/\/formit.nl\/wp-content\/uploads\/2019\/12\/service-effect.svg\" class=\"attachment-full size-full wp-image-375\" alt=\"Service-Effekt\" \/>\t\t\t\t\t\t\t\t\t\t\t\t\t\t\t<\/div>\n\t\t\t\t<\/div>\n\t\t\t\t\t<\/div>\n\t\t<\/div>\n\t\t\t\t\t<\/div>\n\t\t<\/section>\n\t\t\t\t<section class=\"elementor-section elementor-top-section elementor-element elementor-element-93110a8 elementor-section-boxed elementor-section-height-default elementor-section-height-default\" data-id=\"93110a8\" data-element_type=\"section\" data-e-type=\"section\">\n\t\t\t\t\t\t<div class=\"elementor-container elementor-column-gap-default\">\n\t\t\t\t\t<div class=\"elementor-column elementor-col-100 elementor-top-column elementor-element elementor-element-680e564\" data-id=\"680e564\" data-element_type=\"column\" data-e-type=\"column\">\n\t\t\t<div class=\"elementor-widget-wrap elementor-element-populated\">\n\t\t\t\t\t\t<div class=\"elementor-element elementor-element-692201b elementor-widget elementor-widget-gallery\" data-id=\"692201b\" data-element_type=\"widget\" data-e-type=\"widget\" data-settings=\"{&quot;lazyload&quot;:&quot;yes&quot;,&quot;gallery_layout&quot;:&quot;grid&quot;,&quot;columns&quot;:4,&quot;columns_tablet&quot;:2,&quot;columns_mobile&quot;:1,&quot;gap&quot;:{&quot;unit&quot;:&quot;px&quot;,&quot;size&quot;:10,&quot;sizes&quot;:[]},&quot;gap_tablet&quot;:{&quot;unit&quot;:&quot;px&quot;,&quot;size&quot;:10,&quot;sizes&quot;:[]},&quot;gap_mobile&quot;:{&quot;unit&quot;:&quot;px&quot;,&quot;size&quot;:10,&quot;sizes&quot;:[]},&quot;link_to&quot;:&quot;file&quot;,&quot;aspect_ratio&quot;:&quot;3:2&quot;,&quot;content_hover_animation&quot;:&quot;fade-in&quot;}\" data-widget_type=\"gallery.default\">\n\t\t\t\t<div class=\"elementor-widget-container\">\n\t\t\t\t\t\t\t<div class=\"elementor-gallery__container\">\n\t\t\t\t\t\t\t<a class=\"e-gallery-item elementor-gallery-item elementor-animated-content\" href=\"https:\/\/formit.nl\/wp-content\/uploads\/2020\/05\/5479A.jpg\" data-elementor-open-lightbox=\"yes\" data-elementor-lightbox-slideshow=\"692201b\" data-elementor-lightbox-title=\"5479A\" data-e-action-hash=\"#elementor-action%3Aaction%3Dlightbox%26settings%3DeyJpZCI6MzM0NSwidXJsIjoiaHR0cHM6XC9cL2Zvcm1pdC5ubFwvd3AtY29udGVudFwvdXBsb2Fkc1wvMjAyMFwvMDVcLzU0NzlBLmpwZyIsInNsaWRlc2hvdyI6IjY5MjIwMWIifQ%3D%3D\">\n\t\t\t\t\t<div class=\"e-gallery-image elementor-gallery-item__image\" data-thumbnail=\"https:\/\/formit.nl\/wp-content\/uploads\/2020\/05\/5479A.jpg\" data-width=\"257\" data-height=\"193\" aria-label=\"Formit-Produkte anzeigen 1\" role=\"img\" ><\/div>\n\t\t\t\t\t\t\t\t\t\t\t\t\t\t<\/a>\n\t\t\t\t\t\t\t<a class=\"e-gallery-item elementor-gallery-item elementor-animated-content\" href=\"https:\/\/formit.nl\/wp-content\/uploads\/2020\/05\/5362A.jpg\" data-elementor-open-lightbox=\"yes\" data-elementor-lightbox-slideshow=\"692201b\" data-elementor-lightbox-title=\"5362A\" data-e-action-hash=\"#elementor-action%3Aaction%3Dlightbox%26settings%3DeyJpZCI6MzM0NCwidXJsIjoiaHR0cHM6XC9cL2Zvcm1pdC5ubFwvd3AtY29udGVudFwvdXBsb2Fkc1wvMjAyMFwvMDVcLzUzNjJBLmpwZyIsInNsaWRlc2hvdyI6IjY5MjIwMWIifQ%3D%3D\">\n\t\t\t\t\t<div class=\"e-gallery-image elementor-gallery-item__image\" data-thumbnail=\"https:\/\/formit.nl\/wp-content\/uploads\/2020\/05\/5362A.jpg\" data-width=\"257\" data-height=\"193\" aria-label=\"Formit Produkte anzeigen 2\" role=\"img\" ><\/div>\n\t\t\t\t\t\t\t\t\t\t\t\t\t\t<\/a>\n\t\t\t\t\t\t\t<a class=\"e-gallery-item elementor-gallery-item elementor-animated-content\" href=\"https:\/\/formit.nl\/wp-content\/uploads\/2020\/05\/5470A.jpg\" data-elementor-open-lightbox=\"yes\" data-elementor-lightbox-slideshow=\"692201b\" data-elementor-lightbox-title=\"5470A\" data-e-action-hash=\"#elementor-action%3Aaction%3Dlightbox%26settings%3DeyJpZCI6MzM0MywidXJsIjoiaHR0cHM6XC9cL2Zvcm1pdC5ubFwvd3AtY29udGVudFwvdXBsb2Fkc1wvMjAyMFwvMDVcLzU0NzBBLmpwZyIsInNsaWRlc2hvdyI6IjY5MjIwMWIifQ%3D%3D\">\n\t\t\t\t\t<div class=\"e-gallery-image elementor-gallery-item__image\" data-thumbnail=\"https:\/\/formit.nl\/wp-content\/uploads\/2020\/05\/5470A.jpg\" data-width=\"257\" data-height=\"193\" aria-label=\"Formit-Produkte anzeigen 3\" role=\"img\" ><\/div>\n\t\t\t\t\t\t\t\t\t\t\t\t\t\t<\/a>\n\t\t\t\t\t\t\t<a class=\"e-gallery-item elementor-gallery-item elementor-animated-content\" href=\"https:\/\/formit.nl\/wp-content\/uploads\/2020\/05\/5448A_1.jpg\" data-elementor-open-lightbox=\"yes\" data-elementor-lightbox-slideshow=\"692201b\" data-elementor-lightbox-title=\"5448A_1\" data-e-action-hash=\"#elementor-action%3Aaction%3Dlightbox%26settings%3DeyJpZCI6MzM0MiwidXJsIjoiaHR0cHM6XC9cL2Zvcm1pdC5ubFwvd3AtY29udGVudFwvdXBsb2Fkc1wvMjAyMFwvMDVcLzU0NDhBXzEuanBnIiwic2xpZGVzaG93IjoiNjkyMjAxYiJ9\">\n\t\t\t\t\t<div class=\"e-gallery-image elementor-gallery-item__image\" data-thumbnail=\"https:\/\/formit.nl\/wp-content\/uploads\/2020\/05\/5448A_1.jpg\" data-width=\"257\" data-height=\"193\" aria-label=\"Formit-Produkte anzeigen 4\" role=\"img\" ><\/div>\n\t\t\t\t\t\t\t\t\t\t\t\t\t\t<\/a>\n\t\t\t\t\t<\/div>\n\t\t\t\t\t<\/div>\n\t\t\t\t<\/div>\n\t\t\t\t\t<\/div>\n\t\t<\/div>\n\t\t\t\t\t<\/div>\n\t\t<\/section>\n\t\t\t\t<\/div>","protected":false},"excerpt":{"rendered":"<p>CNC frezen kunststof De kunststof platen worden gefreesd op CNC gestuurde vlakbedfreesmachines (2.5D). Formit BV heeft hiervoor ruim 15 machines tot haar beschikking. We kunnen platen met een afmeting tot 3000 x 1500 mm bewerken. De meeste van deze machines zijn uitgevoerd met een vac\u00fcumtafel en automatische freeswissel en hoogte afstelling. Voor het bewerken van [&hellip;]<\/p>\n","protected":false},"author":1,"featured_media":0,"parent":3079,"menu_order":0,"comment_status":"closed","ping_status":"closed","template":"elementor_header_footer","meta":{"_acf_changed":false,"footnotes":""},"class_list":["post-3087","page","type-page","status-publish","hentry"],"acf":[],"yoast_head":"<!-- This site is optimized with the Yoast SEO plugin v27.5 - https:\/\/yoast.com\/product\/yoast-seo-wordpress\/ -->\n<title>Frezen | Innovatieve freesoplossingen | 25 jaar ervaring<\/title>\n<meta name=\"description\" content=\"Ontdek alles over frezen bij Formit. Van precisietechnieken tot de nieuwste freestechnologie\u00ebn, wij bieden oplossingen op maat.\" \/>\n<meta name=\"robots\" content=\"index, follow, max-snippet:-1, max-image-preview:large, max-video-preview:-1\" \/>\n<link rel=\"canonical\" href=\"https:\/\/formit.nl\/de\/technologie\/bearbeiten\/frasen\/\" \/>\n<meta property=\"og:locale\" content=\"de_DE\" \/>\n<meta property=\"og:type\" content=\"article\" \/>\n<meta property=\"og:title\" content=\"Frezen | Innovatieve freesoplossingen | 25 jaar ervaring\" \/>\n<meta property=\"og:description\" content=\"Ontdek alles over frezen bij Formit. Van precisietechnieken tot de nieuwste freestechnologie\u00ebn, wij bieden oplossingen op maat.\" \/>\n<meta property=\"og:url\" content=\"https:\/\/formit.nl\/de\/technologie\/bearbeiten\/frasen\/\" \/>\n<meta property=\"og:site_name\" content=\"Formit BV\" \/>\n<meta property=\"article:modified_time\" content=\"2026-02-11T11:05:46+00:00\" \/>\n<meta property=\"og:image\" content=\"https:\/\/formit.nl\/wp-content\/uploads\/2020\/12\/Formit-kunststof-behuizingen-frezen-2-1.jpg\" \/>\n\t<meta property=\"og:image:width\" content=\"2200\" \/>\n\t<meta property=\"og:image:height\" content=\"1466\" \/>\n\t<meta property=\"og:image:type\" content=\"image\/jpeg\" \/>\n<meta name=\"twitter:card\" content=\"summary_large_image\" \/>\n<meta name=\"twitter:label1\" content=\"Gesch\u00e4tzte Lesezeit\" \/>\n\t<meta name=\"twitter:data1\" content=\"1\u00a0Minute\" \/>\n<script type=\"application\/ld+json\" class=\"yoast-schema-graph\">{\"@context\":\"https:\\\/\\\/schema.org\",\"@graph\":[{\"@type\":\"WebPage\",\"@id\":\"https:\\\/\\\/formit.nl\\\/technologie\\\/bewerking\\\/frezen\\\/\",\"url\":\"https:\\\/\\\/formit.nl\\\/technologie\\\/bewerking\\\/frezen\\\/\",\"name\":\"Frezen | Innovatieve freesoplossingen | 25 jaar ervaring\",\"isPartOf\":{\"@id\":\"https:\\\/\\\/formit.nl\\\/#website\"},\"primaryImageOfPage\":{\"@id\":\"https:\\\/\\\/formit.nl\\\/technologie\\\/bewerking\\\/frezen\\\/#primaryimage\"},\"image\":{\"@id\":\"https:\\\/\\\/formit.nl\\\/technologie\\\/bewerking\\\/frezen\\\/#primaryimage\"},\"thumbnailUrl\":\"https:\\\/\\\/formit.nl\\\/wp-content\\\/uploads\\\/2020\\\/12\\\/Formit-kunststof-behuizingen-frezen-2-1.jpg\",\"datePublished\":\"2020-04-29T13:08:49+00:00\",\"dateModified\":\"2026-02-11T11:05:46+00:00\",\"description\":\"Ontdek alles over frezen bij Formit. Van precisietechnieken tot de nieuwste freestechnologie\u00ebn, wij bieden oplossingen op maat.\",\"breadcrumb\":{\"@id\":\"https:\\\/\\\/formit.nl\\\/technologie\\\/bewerking\\\/frezen\\\/#breadcrumb\"},\"inLanguage\":\"de\",\"potentialAction\":[{\"@type\":\"ReadAction\",\"target\":[\"https:\\\/\\\/formit.nl\\\/technologie\\\/bewerking\\\/frezen\\\/\"]}]},{\"@type\":\"ImageObject\",\"inLanguage\":\"de\",\"@id\":\"https:\\\/\\\/formit.nl\\\/technologie\\\/bewerking\\\/frezen\\\/#primaryimage\",\"url\":\"https:\\\/\\\/formit.nl\\\/wp-content\\\/uploads\\\/2020\\\/12\\\/Formit-kunststof-behuizingen-frezen-2-1.jpg\",\"contentUrl\":\"https:\\\/\\\/formit.nl\\\/wp-content\\\/uploads\\\/2020\\\/12\\\/Formit-kunststof-behuizingen-frezen-2-1.jpg\"},{\"@type\":\"BreadcrumbList\",\"@id\":\"https:\\\/\\\/formit.nl\\\/technologie\\\/bewerking\\\/frezen\\\/#breadcrumb\",\"itemListElement\":[{\"@type\":\"ListItem\",\"position\":1,\"name\":\"Home\",\"item\":\"https:\\\/\\\/formit.nl\\\/\"},{\"@type\":\"ListItem\",\"position\":2,\"name\":\"Technologie\",\"item\":\"https:\\\/\\\/formit.nl\\\/technologie\\\/\"},{\"@type\":\"ListItem\",\"position\":3,\"name\":\"Bewerking\",\"item\":\"https:\\\/\\\/formit.nl\\\/technologie\\\/bewerking\\\/\"},{\"@type\":\"ListItem\",\"position\":4,\"name\":\"Frezen\"}]},{\"@type\":\"WebSite\",\"@id\":\"https:\\\/\\\/formit.nl\\\/#website\",\"url\":\"https:\\\/\\\/formit.nl\\\/\",\"name\":\"Formit BV\",\"description\":\"Kunststof behuizingen zonder matrijzen - behuizing op maat\",\"publisher\":{\"@id\":\"https:\\\/\\\/formit.nl\\\/#organization\"},\"potentialAction\":[{\"@type\":\"SearchAction\",\"target\":{\"@type\":\"EntryPoint\",\"urlTemplate\":\"https:\\\/\\\/formit.nl\\\/?s={search_term_string}\"},\"query-input\":{\"@type\":\"PropertyValueSpecification\",\"valueRequired\":true,\"valueName\":\"search_term_string\"}}],\"inLanguage\":\"de\"},{\"@type\":\"Organization\",\"@id\":\"https:\\\/\\\/formit.nl\\\/#organization\",\"name\":\"Formit BV\",\"url\":\"https:\\\/\\\/formit.nl\\\/\",\"logo\":{\"@type\":\"ImageObject\",\"inLanguage\":\"de\",\"@id\":\"https:\\\/\\\/formit.nl\\\/#\\\/schema\\\/logo\\\/image\\\/\",\"url\":\"https:\\\/\\\/formit.nl\\\/wp-content\\\/uploads\\\/2020\\\/04\\\/formit_logo_300.png\",\"contentUrl\":\"https:\\\/\\\/formit.nl\\\/wp-content\\\/uploads\\\/2020\\\/04\\\/formit_logo_300.png\",\"width\":1134,\"height\":301,\"caption\":\"Formit BV\"},\"image\":{\"@id\":\"https:\\\/\\\/formit.nl\\\/#\\\/schema\\\/logo\\\/image\\\/\"}}]}<\/script>\n<!-- \/ Yoast SEO plugin. -->","yoast_head_json":{"title":"Fr\u00e4sen | Innovative Fr\u00e4sl\u00f6sungen | 25 Jahre Erfahrung","description":"Entdecken Sie alles \u00fcber das Fr\u00e4sen bei Formit. Von Pr\u00e4zisionstechniken bis hin zu den neuesten Fr\u00e4stechnologien bieten wir ma\u00dfgeschneiderte L\u00f6sungen.","robots":{"index":"index","follow":"follow","max-snippet":"max-snippet:-1","max-image-preview":"max-image-preview:large","max-video-preview":"max-video-preview:-1"},"canonical":"https:\/\/formit.nl\/de\/technologie\/bearbeiten\/frasen\/","og_locale":"de_DE","og_type":"article","og_title":"Frezen | Innovatieve freesoplossingen | 25 jaar ervaring","og_description":"Ontdek alles over frezen bij Formit. Van precisietechnieken tot de nieuwste freestechnologie\u00ebn, wij bieden oplossingen op maat.","og_url":"https:\/\/formit.nl\/de\/technologie\/bearbeiten\/frasen\/","og_site_name":"Formit BV","article_modified_time":"2026-02-11T11:05:46+00:00","og_image":[{"width":2200,"height":1466,"url":"https:\/\/formit.nl\/wp-content\/uploads\/2020\/12\/Formit-kunststof-behuizingen-frezen-2-1.jpg","type":"image\/jpeg"}],"twitter_card":"summary_large_image","twitter_misc":{"Gesch\u00e4tzte Lesezeit":"1\u00a0Minute"},"schema":{"@context":"https:\/\/schema.org","@graph":[{"@type":"WebPage","@id":"https:\/\/formit.nl\/technologie\/bewerking\/frezen\/","url":"https:\/\/formit.nl\/technologie\/bewerking\/frezen\/","name":"Fr\u00e4sen | Innovative Fr\u00e4sl\u00f6sungen | 25 Jahre Erfahrung","isPartOf":{"@id":"https:\/\/formit.nl\/#website"},"primaryImageOfPage":{"@id":"https:\/\/formit.nl\/technologie\/bewerking\/frezen\/#primaryimage"},"image":{"@id":"https:\/\/formit.nl\/technologie\/bewerking\/frezen\/#primaryimage"},"thumbnailUrl":"https:\/\/formit.nl\/wp-content\/uploads\/2020\/12\/Formit-kunststof-behuizingen-frezen-2-1.jpg","datePublished":"2020-04-29T13:08:49+00:00","dateModified":"2026-02-11T11:05:46+00:00","description":"Entdecken Sie alles \u00fcber das Fr\u00e4sen bei Formit. Von Pr\u00e4zisionstechniken bis hin zu den neuesten Fr\u00e4stechnologien bieten wir ma\u00dfgeschneiderte L\u00f6sungen.","breadcrumb":{"@id":"https:\/\/formit.nl\/technologie\/bewerking\/frezen\/#breadcrumb"},"inLanguage":"de","potentialAction":[{"@type":"ReadAction","target":["https:\/\/formit.nl\/technologie\/bewerking\/frezen\/"]}]},{"@type":"ImageObject","inLanguage":"de","@id":"https:\/\/formit.nl\/technologie\/bewerking\/frezen\/#primaryimage","url":"https:\/\/formit.nl\/wp-content\/uploads\/2020\/12\/Formit-kunststof-behuizingen-frezen-2-1.jpg","contentUrl":"https:\/\/formit.nl\/wp-content\/uploads\/2020\/12\/Formit-kunststof-behuizingen-frezen-2-1.jpg"},{"@type":"BreadcrumbList","@id":"https:\/\/formit.nl\/technologie\/bewerking\/frezen\/#breadcrumb","itemListElement":[{"@type":"ListItem","position":1,"name":"Home","item":"https:\/\/formit.nl\/"},{"@type":"ListItem","position":2,"name":"Technologie","item":"https:\/\/formit.nl\/technologie\/"},{"@type":"ListItem","position":3,"name":"Bewerking","item":"https:\/\/formit.nl\/technologie\/bewerking\/"},{"@type":"ListItem","position":4,"name":"Frezen"}]},{"@type":"WebSite","@id":"https:\/\/formit.nl\/#website","url":"https:\/\/formit.nl\/","name":"Formit BV","description":"Kunststoffgeh\u00e4use ohne Formen - Sondergeh\u00e4use","publisher":{"@id":"https:\/\/formit.nl\/#organization"},"potentialAction":[{"@type":"SearchAction","target":{"@type":"EntryPoint","urlTemplate":"https:\/\/formit.nl\/?s={search_term_string}"},"query-input":{"@type":"PropertyValueSpecification","valueRequired":true,"valueName":"search_term_string"}}],"inLanguage":"de"},{"@type":"Organization","@id":"https:\/\/formit.nl\/#organization","name":"Formit BV","url":"https:\/\/formit.nl\/","logo":{"@type":"ImageObject","inLanguage":"de","@id":"https:\/\/formit.nl\/#\/schema\/logo\/image\/","url":"https:\/\/formit.nl\/wp-content\/uploads\/2020\/04\/formit_logo_300.png","contentUrl":"https:\/\/formit.nl\/wp-content\/uploads\/2020\/04\/formit_logo_300.png","width":1134,"height":301,"caption":"Formit BV"},"image":{"@id":"https:\/\/formit.nl\/#\/schema\/logo\/image\/"}}]}},"_links":{"self":[{"href":"https:\/\/formit.nl\/de\/wp-json\/wp\/v2\/pages\/3087","targetHints":{"allow":["GET"]}}],"collection":[{"href":"https:\/\/formit.nl\/de\/wp-json\/wp\/v2\/pages"}],"about":[{"href":"https:\/\/formit.nl\/de\/wp-json\/wp\/v2\/types\/page"}],"author":[{"embeddable":true,"href":"https:\/\/formit.nl\/de\/wp-json\/wp\/v2\/users\/1"}],"replies":[{"embeddable":true,"href":"https:\/\/formit.nl\/de\/wp-json\/wp\/v2\/comments?post=3087"}],"version-history":[{"count":40,"href":"https:\/\/formit.nl\/de\/wp-json\/wp\/v2\/pages\/3087\/revisions"}],"predecessor-version":[{"id":6413,"href":"https:\/\/formit.nl\/de\/wp-json\/wp\/v2\/pages\/3087\/revisions\/6413"}],"up":[{"embeddable":true,"href":"https:\/\/formit.nl\/de\/wp-json\/wp\/v2\/pages\/3079"}],"wp:attachment":[{"href":"https:\/\/formit.nl\/de\/wp-json\/wp\/v2\/media?parent=3087"}],"curies":[{"name":"wp","href":"https:\/\/api.w.org\/{rel}","templated":true}]}}