{"id":3098,"date":"2020-04-29T13:14:13","date_gmt":"2020-04-29T13:14:13","guid":{"rendered":"https:\/\/formit.nl\/?page_id=3098"},"modified":"2024-10-30T10:39:19","modified_gmt":"2024-10-30T10:39:19","slug":"komprimieren","status":"publish","type":"page","link":"https:\/\/formit.nl\/de\/technologie\/bewerking\/inpersen\/","title":{"rendered":"Eindr\u00fccken"},"content":{"rendered":"<div data-elementor-type=\"wp-page\" data-elementor-id=\"3098\" class=\"elementor elementor-3098\" data-elementor-post-type=\"page\">\n\t\t\t\t\t\t<section class=\"elementor-section elementor-top-section elementor-element elementor-element-eff6872 elementor-section-boxed elementor-section-height-default elementor-section-height-default\" data-id=\"eff6872\" data-element_type=\"section\" data-e-type=\"section\" data-settings=\"{&quot;background_background&quot;:&quot;classic&quot;}\">\n\t\t\t\t\t\t<div class=\"elementor-container elementor-column-gap-default\">\n\t\t\t\t\t<div class=\"elementor-column elementor-col-100 elementor-top-column elementor-element elementor-element-3ab5891\" data-id=\"3ab5891\" data-element_type=\"column\" data-e-type=\"column\">\n\t\t\t<div class=\"elementor-widget-wrap elementor-element-populated\">\n\t\t\t\t\t\t<div class=\"elementor-element elementor-element-942c11d elementor-widget elementor-widget-breadcrumbs\" data-id=\"942c11d\" data-element_type=\"widget\" data-e-type=\"widget\" data-widget_type=\"breadcrumbs.default\">\n\t\t\t\t<div class=\"elementor-widget-container\">\n\t\t\t\t\t<p id=\"breadcrumbs\"><span><span><a href=\"https:\/\/formit.nl\/de\/\">Startseite<\/a><\/span><\/span><\/p>\t\t\t\t<\/div>\n\t\t\t\t<\/div>\n\t\t\t\t\t<\/div>\n\t\t<\/div>\n\t\t\t\t\t<\/div>\n\t\t<\/section>\n\t\t\t\t<section class=\"elementor-section elementor-top-section elementor-element elementor-element-3b5ec52 elementor-section-boxed elementor-section-height-default elementor-section-height-default\" data-id=\"3b5ec52\" data-element_type=\"section\" data-e-type=\"section\" data-settings=\"{&quot;background_background&quot;:&quot;gradient&quot;}\">\n\t\t\t\t\t\t<div class=\"elementor-container elementor-column-gap-no\">\n\t\t\t\t\t<div class=\"elementor-column elementor-col-100 elementor-top-column elementor-element elementor-element-3445897\" data-id=\"3445897\" data-element_type=\"column\" data-e-type=\"column\">\n\t\t\t<div class=\"elementor-widget-wrap elementor-element-populated\">\n\t\t\t\t\t\t<section class=\"elementor-section elementor-inner-section elementor-element elementor-element-2a0cde4 elementor-section-boxed elementor-section-height-default elementor-section-height-default\" data-id=\"2a0cde4\" data-element_type=\"section\" data-e-type=\"section\">\n\t\t\t\t\t\t<div class=\"elementor-container elementor-column-gap-default\">\n\t\t\t\t\t<div class=\"elementor-column elementor-col-50 elementor-inner-column elementor-element elementor-element-741510d\" data-id=\"741510d\" data-element_type=\"column\" data-e-type=\"column\">\n\t\t\t<div class=\"elementor-widget-wrap elementor-element-populated\">\n\t\t\t\t\t\t<div class=\"elementor-element elementor-element-d7a7fd1 formitshadow elementor-widget elementor-widget-image\" data-id=\"d7a7fd1\" data-element_type=\"widget\" data-e-type=\"widget\" data-widget_type=\"image.default\">\n\t\t\t\t<div class=\"elementor-widget-container\">\n\t\t\t\t\t\t\t\t\t\t\t\t\t\t\t<img fetchpriority=\"high\" decoding=\"async\" width=\"2200\" height=\"1466\" src=\"https:\/\/formit.nl\/wp-content\/uploads\/2020\/12\/Formit-bewerkingen-inpersen.jpg\" class=\"attachment-full size-full wp-image-4427\" alt=\"Dr\u00fccken Sie in Formularoperationen\" srcset=\"https:\/\/formit.nl\/wp-content\/uploads\/2020\/12\/Formit-bewerkingen-inpersen.jpg 2200w, https:\/\/formit.nl\/wp-content\/uploads\/2020\/12\/Formit-bewerkingen-inpersen-300x200.jpg 300w, https:\/\/formit.nl\/wp-content\/uploads\/2020\/12\/Formit-bewerkingen-inpersen-1024x682.jpg 1024w, https:\/\/formit.nl\/wp-content\/uploads\/2020\/12\/Formit-bewerkingen-inpersen-768x512.jpg 768w, https:\/\/formit.nl\/wp-content\/uploads\/2020\/12\/Formit-bewerkingen-inpersen-1536x1024.jpg 1536w, https:\/\/formit.nl\/wp-content\/uploads\/2020\/12\/Formit-bewerkingen-inpersen-2048x1365.jpg 2048w\" sizes=\"(max-width: 2200px) 100vw, 2200px\" \/>\t\t\t\t\t\t\t\t\t\t\t\t\t\t\t<\/div>\n\t\t\t\t<\/div>\n\t\t\t\t\t<\/div>\n\t\t<\/div>\n\t\t\t\t<div class=\"elementor-column elementor-col-50 elementor-inner-column elementor-element elementor-element-23c69d0\" data-id=\"23c69d0\" data-element_type=\"column\" data-e-type=\"column\">\n\t\t\t<div class=\"elementor-widget-wrap elementor-element-populated\">\n\t\t\t\t\t\t<div class=\"elementor-element elementor-element-97407ec elementor-widget elementor-widget-heading\" data-id=\"97407ec\" data-element_type=\"widget\" data-e-type=\"widget\" data-widget_type=\"heading.default\">\n\t\t\t\t<div class=\"elementor-widget-container\">\n\t\t\t\t\t<h3 class=\"elementor-heading-title elementor-size-default\">Gewindeplatzierung<\/h3>\t\t\t\t<\/div>\n\t\t\t\t<\/div>\n\t\t\t\t<div class=\"elementor-element elementor-element-6f219bb elementor-widget elementor-widget-text-editor\" data-id=\"6f219bb\" data-element_type=\"widget\" data-e-type=\"widget\" data-widget_type=\"text-editor.default\">\n\t\t\t\t<div class=\"elementor-widget-container\">\n\t\t\t\t\t\t\t\t\tGewinde in Kunststoff ist oft schwach. Die Haltbarkeit wird durch die Verwendung von Metalleinlagen erh\u00f6ht. Dadurch kann das Gewinde st\u00e4rker belastet werden und rei\u00dft es bei h\u00e4ufigem Gebrauch nicht. Erh\u00e4ltlich von M2 bis M10 in Messing, verzinktem Stahl und Edelstahl. Diese k\u00f6nnen f\u00fcr zus\u00e4tzliche Festigkeit thermisch eingepresst werden.\t\t\t\t\t\t\t\t<\/div>\n\t\t\t\t<\/div>\n\t\t\t\t\t<\/div>\n\t\t<\/div>\n\t\t\t\t\t<\/div>\n\t\t<\/section>\n\t\t\t\t\t<\/div>\n\t\t<\/div>\n\t\t\t\t\t<\/div>\n\t\t<\/section>\n\t\t\t\t<section class=\"elementor-section elementor-top-section elementor-element elementor-element-42afb7f elementor-hidden-tablet elementor-hidden-phone elementor-section-boxed elementor-section-height-default elementor-section-height-default\" data-id=\"42afb7f\" data-element_type=\"section\" data-e-type=\"section\">\n\t\t\t\t\t\t<div class=\"elementor-container elementor-column-gap-no\">\n\t\t\t\t\t<div class=\"elementor-column elementor-col-100 elementor-top-column elementor-element elementor-element-d8ddac9\" data-id=\"d8ddac9\" data-element_type=\"column\" data-e-type=\"column\">\n\t\t\t<div class=\"elementor-widget-wrap elementor-element-populated\">\n\t\t\t\t\t\t<div class=\"elementor-element elementor-element-9dbb9a0 elementor-widget__width-initial elementor-absolute elementor-widget elementor-widget-image\" data-id=\"9dbb9a0\" data-element_type=\"widget\" data-e-type=\"widget\" data-settings=\"{&quot;_position&quot;:&quot;absolute&quot;}\" data-widget_type=\"image.default\">\n\t\t\t\t<div class=\"elementor-widget-container\">\n\t\t\t\t\t\t\t\t\t\t\t\t\t\t\t<img decoding=\"async\" src=\"https:\/\/formit.nl\/wp-content\/uploads\/2019\/12\/service-effect.svg\" class=\"attachment-full size-full wp-image-375\" alt=\"Service-Effekt\" \/>\t\t\t\t\t\t\t\t\t\t\t\t\t\t\t<\/div>\n\t\t\t\t<\/div>\n\t\t\t\t\t<\/div>\n\t\t<\/div>\n\t\t\t\t\t<\/div>\n\t\t<\/section>\n\t\t\t\t<\/div>","protected":false},"excerpt":{"rendered":"<p>Gewindeplatzierung Gewinde in Kunststoff sind oft schwach. Die Haltbarkeit wird durch die Verwendung von Metalleinlagen erh\u00f6ht. Dadurch kann der Faden st\u00e4rker belastet werden und rei\u00dft bei h\u00e4ufigem Gebrauch nicht. Erh\u00e4ltlich von M2 bis M10 in Messing, verzinktem Stahl und Edelstahl. Diese k\u00f6nnen f\u00fcr zus\u00e4tzliche Festigkeit thermisch eingepresst werden.<\/p>","protected":false},"author":1,"featured_media":0,"parent":3079,"menu_order":0,"comment_status":"closed","ping_status":"closed","template":"elementor_header_footer","meta":{"_acf_changed":false,"footnotes":""},"class_list":["post-3098","page","type-page","status-publish","hentry"],"acf":[],"yoast_head":"<!-- This site is optimized with the Yoast SEO plugin v27.5 - https:\/\/yoast.com\/product\/yoast-seo-wordpress\/ -->\n<title>Inpersen - 25 jaar ervaring in precisiebewerkingen - Formit BV<\/title>\n<meta name=\"description\" content=\"Formit, met 25 jaar ervaring in inpersen, biedt hoogwaardige oplossingen voor precisie en duurzaamheid. Ontdek onze expertise.\" \/>\n<meta name=\"robots\" content=\"index, follow, max-snippet:-1, max-image-preview:large, max-video-preview:-1\" \/>\n<link rel=\"canonical\" href=\"https:\/\/formit.nl\/de\/technologie\/bearbeiten\/komprimieren\/\" \/>\n<meta property=\"og:locale\" content=\"de_DE\" \/>\n<meta property=\"og:type\" content=\"article\" \/>\n<meta property=\"og:title\" content=\"Inpersen - 25 jaar ervaring in precisiebewerkingen - Formit BV\" \/>\n<meta property=\"og:description\" content=\"Formit, met 25 jaar ervaring in inpersen, biedt hoogwaardige oplossingen voor precisie en duurzaamheid. Ontdek onze expertise.\" \/>\n<meta property=\"og:url\" content=\"https:\/\/formit.nl\/de\/technologie\/bearbeiten\/komprimieren\/\" \/>\n<meta property=\"og:site_name\" content=\"Formit BV\" \/>\n<meta property=\"article:modified_time\" content=\"2024-10-30T10:39:19+00:00\" \/>\n<meta property=\"og:image\" content=\"https:\/\/formit.nl\/wp-content\/uploads\/2020\/12\/Formit-bewerkingen-inpersen.jpg\" \/>\n<meta name=\"twitter:card\" content=\"summary_large_image\" \/>\n<meta name=\"twitter:label1\" content=\"Gesch\u00e4tzte Lesezeit\" \/>\n\t<meta name=\"twitter:data1\" content=\"1\u00a0Minute\" \/>\n<script type=\"application\/ld+json\" class=\"yoast-schema-graph\">{\"@context\":\"https:\\\/\\\/schema.org\",\"@graph\":[{\"@type\":\"WebPage\",\"@id\":\"https:\\\/\\\/formit.nl\\\/technologie\\\/bewerking\\\/inpersen\\\/\",\"url\":\"https:\\\/\\\/formit.nl\\\/technologie\\\/bewerking\\\/inpersen\\\/\",\"name\":\"Inpersen - 25 jaar ervaring in precisiebewerkingen - Formit BV\",\"isPartOf\":{\"@id\":\"https:\\\/\\\/formit.nl\\\/#website\"},\"primaryImageOfPage\":{\"@id\":\"https:\\\/\\\/formit.nl\\\/technologie\\\/bewerking\\\/inpersen\\\/#primaryimage\"},\"image\":{\"@id\":\"https:\\\/\\\/formit.nl\\\/technologie\\\/bewerking\\\/inpersen\\\/#primaryimage\"},\"thumbnailUrl\":\"https:\\\/\\\/formit.nl\\\/wp-content\\\/uploads\\\/2020\\\/12\\\/Formit-bewerkingen-inpersen.jpg\",\"datePublished\":\"2020-04-29T13:14:13+00:00\",\"dateModified\":\"2024-10-30T10:39:19+00:00\",\"description\":\"Formit, met 25 jaar ervaring in inpersen, biedt hoogwaardige oplossingen voor precisie en duurzaamheid. Ontdek onze expertise.\",\"breadcrumb\":{\"@id\":\"https:\\\/\\\/formit.nl\\\/technologie\\\/bewerking\\\/inpersen\\\/#breadcrumb\"},\"inLanguage\":\"de\",\"potentialAction\":[{\"@type\":\"ReadAction\",\"target\":[\"https:\\\/\\\/formit.nl\\\/technologie\\\/bewerking\\\/inpersen\\\/\"]}]},{\"@type\":\"ImageObject\",\"inLanguage\":\"de\",\"@id\":\"https:\\\/\\\/formit.nl\\\/technologie\\\/bewerking\\\/inpersen\\\/#primaryimage\",\"url\":\"https:\\\/\\\/formit.nl\\\/wp-content\\\/uploads\\\/2020\\\/12\\\/Formit-bewerkingen-inpersen.jpg\",\"contentUrl\":\"https:\\\/\\\/formit.nl\\\/wp-content\\\/uploads\\\/2020\\\/12\\\/Formit-bewerkingen-inpersen.jpg\"},{\"@type\":\"BreadcrumbList\",\"@id\":\"https:\\\/\\\/formit.nl\\\/technologie\\\/bewerking\\\/inpersen\\\/#breadcrumb\",\"itemListElement\":[{\"@type\":\"ListItem\",\"position\":1,\"name\":\"Home\",\"item\":\"https:\\\/\\\/formit.nl\\\/\"},{\"@type\":\"ListItem\",\"position\":2,\"name\":\"Technologie\",\"item\":\"https:\\\/\\\/formit.nl\\\/technologie\\\/\"},{\"@type\":\"ListItem\",\"position\":3,\"name\":\"Bewerking\",\"item\":\"https:\\\/\\\/formit.nl\\\/technologie\\\/bewerking\\\/\"},{\"@type\":\"ListItem\",\"position\":4,\"name\":\"Inpersen\"}]},{\"@type\":\"WebSite\",\"@id\":\"https:\\\/\\\/formit.nl\\\/#website\",\"url\":\"https:\\\/\\\/formit.nl\\\/\",\"name\":\"Formit BV\",\"description\":\"Kunststof behuizingen zonder matrijzen - behuizing op maat\",\"publisher\":{\"@id\":\"https:\\\/\\\/formit.nl\\\/#organization\"},\"potentialAction\":[{\"@type\":\"SearchAction\",\"target\":{\"@type\":\"EntryPoint\",\"urlTemplate\":\"https:\\\/\\\/formit.nl\\\/?s={search_term_string}\"},\"query-input\":{\"@type\":\"PropertyValueSpecification\",\"valueRequired\":true,\"valueName\":\"search_term_string\"}}],\"inLanguage\":\"de\"},{\"@type\":\"Organization\",\"@id\":\"https:\\\/\\\/formit.nl\\\/#organization\",\"name\":\"Formit BV\",\"url\":\"https:\\\/\\\/formit.nl\\\/\",\"logo\":{\"@type\":\"ImageObject\",\"inLanguage\":\"de\",\"@id\":\"https:\\\/\\\/formit.nl\\\/#\\\/schema\\\/logo\\\/image\\\/\",\"url\":\"https:\\\/\\\/formit.nl\\\/wp-content\\\/uploads\\\/2020\\\/04\\\/formit_logo_300.png\",\"contentUrl\":\"https:\\\/\\\/formit.nl\\\/wp-content\\\/uploads\\\/2020\\\/04\\\/formit_logo_300.png\",\"width\":1134,\"height\":301,\"caption\":\"Formit BV\"},\"image\":{\"@id\":\"https:\\\/\\\/formit.nl\\\/#\\\/schema\\\/logo\\\/image\\\/\"}}]}<\/script>\n<!-- \/ Yoast SEO plugin. -->","yoast_head_json":{"title":"Einpressen \u2013 25 Jahre Erfahrung in Pr\u00e4zisionsbearbeitungen \u2013 Formit BV","description":"Formit, mit 25 Jahren Erfahrung im Einpressen, bietet hochwertige L\u00f6sungen f\u00fcr Pr\u00e4zision und Haltbarkeit. Entdecken Sie unser Know-how.","robots":{"index":"index","follow":"follow","max-snippet":"max-snippet:-1","max-image-preview":"max-image-preview:large","max-video-preview":"max-video-preview:-1"},"canonical":"https:\/\/formit.nl\/de\/technologie\/bearbeiten\/komprimieren\/","og_locale":"de_DE","og_type":"article","og_title":"Inpersen - 25 jaar ervaring in precisiebewerkingen - Formit BV","og_description":"Formit, met 25 jaar ervaring in inpersen, biedt hoogwaardige oplossingen voor precisie en duurzaamheid. Ontdek onze expertise.","og_url":"https:\/\/formit.nl\/de\/technologie\/bearbeiten\/komprimieren\/","og_site_name":"Formit BV","article_modified_time":"2024-10-30T10:39:19+00:00","og_image":[{"url":"https:\/\/formit.nl\/wp-content\/uploads\/2020\/12\/Formit-bewerkingen-inpersen.jpg","type":"","width":"","height":""}],"twitter_card":"summary_large_image","twitter_misc":{"Gesch\u00e4tzte Lesezeit":"1\u00a0Minute"},"schema":{"@context":"https:\/\/schema.org","@graph":[{"@type":"WebPage","@id":"https:\/\/formit.nl\/technologie\/bewerking\/inpersen\/","url":"https:\/\/formit.nl\/technologie\/bewerking\/inpersen\/","name":"Einpressen \u2013 25 Jahre Erfahrung in Pr\u00e4zisionsbearbeitungen \u2013 Formit BV","isPartOf":{"@id":"https:\/\/formit.nl\/#website"},"primaryImageOfPage":{"@id":"https:\/\/formit.nl\/technologie\/bewerking\/inpersen\/#primaryimage"},"image":{"@id":"https:\/\/formit.nl\/technologie\/bewerking\/inpersen\/#primaryimage"},"thumbnailUrl":"https:\/\/formit.nl\/wp-content\/uploads\/2020\/12\/Formit-bewerkingen-inpersen.jpg","datePublished":"2020-04-29T13:14:13+00:00","dateModified":"2024-10-30T10:39:19+00:00","description":"Formit, mit 25 Jahren Erfahrung im Einpressen, bietet hochwertige L\u00f6sungen f\u00fcr Pr\u00e4zision und Haltbarkeit. Entdecken Sie unser Know-how.","breadcrumb":{"@id":"https:\/\/formit.nl\/technologie\/bewerking\/inpersen\/#breadcrumb"},"inLanguage":"de","potentialAction":[{"@type":"ReadAction","target":["https:\/\/formit.nl\/technologie\/bewerking\/inpersen\/"]}]},{"@type":"ImageObject","inLanguage":"de","@id":"https:\/\/formit.nl\/technologie\/bewerking\/inpersen\/#primaryimage","url":"https:\/\/formit.nl\/wp-content\/uploads\/2020\/12\/Formit-bewerkingen-inpersen.jpg","contentUrl":"https:\/\/formit.nl\/wp-content\/uploads\/2020\/12\/Formit-bewerkingen-inpersen.jpg"},{"@type":"BreadcrumbList","@id":"https:\/\/formit.nl\/technologie\/bewerking\/inpersen\/#breadcrumb","itemListElement":[{"@type":"ListItem","position":1,"name":"Home","item":"https:\/\/formit.nl\/"},{"@type":"ListItem","position":2,"name":"Technologie","item":"https:\/\/formit.nl\/technologie\/"},{"@type":"ListItem","position":3,"name":"Bewerking","item":"https:\/\/formit.nl\/technologie\/bewerking\/"},{"@type":"ListItem","position":4,"name":"Inpersen"}]},{"@type":"WebSite","@id":"https:\/\/formit.nl\/#website","url":"https:\/\/formit.nl\/","name":"Formit BV","description":"Kunststoffgeh\u00e4use ohne Formen - Sondergeh\u00e4use","publisher":{"@id":"https:\/\/formit.nl\/#organization"},"potentialAction":[{"@type":"SearchAction","target":{"@type":"EntryPoint","urlTemplate":"https:\/\/formit.nl\/?s={search_term_string}"},"query-input":{"@type":"PropertyValueSpecification","valueRequired":true,"valueName":"search_term_string"}}],"inLanguage":"de"},{"@type":"Organization","@id":"https:\/\/formit.nl\/#organization","name":"Formit BV","url":"https:\/\/formit.nl\/","logo":{"@type":"ImageObject","inLanguage":"de","@id":"https:\/\/formit.nl\/#\/schema\/logo\/image\/","url":"https:\/\/formit.nl\/wp-content\/uploads\/2020\/04\/formit_logo_300.png","contentUrl":"https:\/\/formit.nl\/wp-content\/uploads\/2020\/04\/formit_logo_300.png","width":1134,"height":301,"caption":"Formit BV"},"image":{"@id":"https:\/\/formit.nl\/#\/schema\/logo\/image\/"}}]}},"_links":{"self":[{"href":"https:\/\/formit.nl\/de\/wp-json\/wp\/v2\/pages\/3098","targetHints":{"allow":["GET"]}}],"collection":[{"href":"https:\/\/formit.nl\/de\/wp-json\/wp\/v2\/pages"}],"about":[{"href":"https:\/\/formit.nl\/de\/wp-json\/wp\/v2\/types\/page"}],"author":[{"embeddable":true,"href":"https:\/\/formit.nl\/de\/wp-json\/wp\/v2\/users\/1"}],"replies":[{"embeddable":true,"href":"https:\/\/formit.nl\/de\/wp-json\/wp\/v2\/comments?post=3098"}],"version-history":[{"count":26,"href":"https:\/\/formit.nl\/de\/wp-json\/wp\/v2\/pages\/3098\/revisions"}],"predecessor-version":[{"id":6209,"href":"https:\/\/formit.nl\/de\/wp-json\/wp\/v2\/pages\/3098\/revisions\/6209"}],"up":[{"embeddable":true,"href":"https:\/\/formit.nl\/de\/wp-json\/wp\/v2\/pages\/3079"}],"wp:attachment":[{"href":"https:\/\/formit.nl\/de\/wp-json\/wp\/v2\/media?parent=3098"}],"curies":[{"name":"wp","href":"https:\/\/api.w.org\/{rel}","templated":true}]}}