{"id":3137,"date":"2020-04-29T13:37:15","date_gmt":"2020-04-29T13:37:15","guid":{"rendered":"https:\/\/formit.nl\/?page_id=3137"},"modified":"2026-03-18T09:50:58","modified_gmt":"2026-03-18T08:50:58","slug":"materialien","status":"publish","type":"page","link":"https:\/\/formit.nl\/de\/technologie\/materialen\/","title":{"rendered":"Materialien"},"content":{"rendered":"<div data-elementor-type=\"wp-page\" data-elementor-id=\"3137\" class=\"elementor elementor-3137\" data-elementor-post-type=\"page\">\n\t\t\t\t\t\t<section class=\"elementor-section elementor-top-section elementor-element elementor-element-4a4c886 elementor-section-boxed elementor-section-height-default elementor-section-height-default\" data-id=\"4a4c886\" data-element_type=\"section\" data-e-type=\"section\" data-settings=\"{&quot;background_background&quot;:&quot;classic&quot;}\">\n\t\t\t\t\t\t<div class=\"elementor-container elementor-column-gap-default\">\n\t\t\t\t\t<div class=\"elementor-column elementor-col-100 elementor-top-column elementor-element elementor-element-2f7b72b\" data-id=\"2f7b72b\" data-element_type=\"column\" data-e-type=\"column\">\n\t\t\t<div class=\"elementor-widget-wrap elementor-element-populated\">\n\t\t\t\t\t\t<div class=\"elementor-element elementor-element-b147e4c elementor-widget elementor-widget-breadcrumbs\" data-id=\"b147e4c\" data-element_type=\"widget\" data-e-type=\"widget\" data-widget_type=\"breadcrumbs.default\">\n\t\t\t\t<div class=\"elementor-widget-container\">\n\t\t\t\t\t<p id=\"breadcrumbs\"><span><span><a href=\"https:\/\/formit.nl\/de\/\">Startseite<\/a><\/span><\/span><\/p>\t\t\t\t<\/div>\n\t\t\t\t<\/div>\n\t\t\t\t\t<\/div>\n\t\t<\/div>\n\t\t\t\t\t<\/div>\n\t\t<\/section>\n\t\t\t\t<section class=\"elementor-section elementor-top-section elementor-element elementor-element-c17f889 elementor-section-boxed elementor-section-height-default elementor-section-height-default\" data-id=\"c17f889\" data-element_type=\"section\" data-e-type=\"section\">\n\t\t\t\t\t\t<div class=\"elementor-container elementor-column-gap-default\">\n\t\t\t\t\t<div class=\"elementor-column elementor-col-33 elementor-top-column elementor-element elementor-element-a6f9104\" data-id=\"a6f9104\" data-element_type=\"column\" data-e-type=\"column\">\n\t\t\t<div class=\"elementor-widget-wrap elementor-element-populated\">\n\t\t\t\t\t\t<div class=\"elementor-element elementor-element-6fa8ad7 elementor-cta--skin-classic elementor-animated-content elementor-widget elementor-widget-call-to-action\" data-id=\"6fa8ad7\" data-element_type=\"widget\" data-e-type=\"widget\" data-widget_type=\"call-to-action.default\">\n\t\t\t\t<div class=\"elementor-widget-container\">\n\t\t\t\t\t\t\t<a class=\"elementor-cta\" href=\"\/de\/technologie\/materialien\/huften-aus-hochschlagfestem-polystyrol\/\">\n\t\t\t\t\t<div class=\"elementor-cta__bg-wrapper\">\n\t\t\t\t<div class=\"elementor-cta__bg elementor-bg\" style=\"background-image: url(https:\/\/formit.nl\/wp-content\/uploads\/2020\/12\/Formit-kunststof-behuizingen-frezen-voorbeeld-1024x682.jpg);\" role=\"img\" aria-label=\"Beispiel f\u00fcr das Fr\u00e4sen von Formit-Kunststoffgeh\u00e4usen\"><\/div>\n\t\t\t\t<div class=\"elementor-cta__bg-overlay\"><\/div>\n\t\t\t<\/div>\n\t\t\t\t\t\t\t<div class=\"elementor-cta__content\">\n\t\t\t\t\n\t\t\t\t\t\t\t\t\t<h2 class=\"elementor-cta__title elementor-cta__content-item elementor-content-item\">\n\t\t\t\t\t\tHIPS (High Impact Polystyrol)\t\t\t\t\t<\/h2>\n\t\t\t\t\n\t\t\t\t\n\t\t\t\t\t\t\t<\/div>\n\t\t\t\t\t\t<\/a>\n\t\t\t\t\t\t<\/div>\n\t\t\t\t<\/div>\n\t\t\t\t\t<\/div>\n\t\t<\/div>\n\t\t\t\t<div class=\"elementor-column elementor-col-33 elementor-top-column elementor-element elementor-element-449a61b\" data-id=\"449a61b\" data-element_type=\"column\" data-e-type=\"column\">\n\t\t\t<div class=\"elementor-widget-wrap elementor-element-populated\">\n\t\t\t\t\t\t<div class=\"elementor-element elementor-element-3f470c2 elementor-cta--skin-classic elementor-animated-content elementor-widget elementor-widget-call-to-action\" data-id=\"3f470c2\" data-element_type=\"widget\" data-e-type=\"widget\" data-widget_type=\"call-to-action.default\">\n\t\t\t\t<div class=\"elementor-widget-container\">\n\t\t\t\t\t\t\t<a class=\"elementor-cta\" href=\"\/de\/technologie\/materialien\/abs\/\">\n\t\t\t\t\t<div class=\"elementor-cta__bg-wrapper\">\n\t\t\t\t<div class=\"elementor-cta__bg elementor-bg\" style=\"background-image: url(https:\/\/formit.nl\/wp-content\/uploads\/2020\/12\/Formit-kunststof-behuizingen-frezen-voorbeeld-1024x682.jpg);\" role=\"img\" aria-label=\"Beispiel f\u00fcr das Fr\u00e4sen von Formit-Kunststoffgeh\u00e4usen\"><\/div>\n\t\t\t\t<div class=\"elementor-cta__bg-overlay\"><\/div>\n\t\t\t<\/div>\n\t\t\t\t\t\t\t<div class=\"elementor-cta__content\">\n\t\t\t\t\n\t\t\t\t\t\t\t\t\t<h2 class=\"elementor-cta__title elementor-cta__content-item elementor-content-item\">\n\t\t\t\t\t\tABS\t\t\t\t\t<\/h2>\n\t\t\t\t\n\t\t\t\t\n\t\t\t\t\t\t\t<\/div>\n\t\t\t\t\t\t<\/a>\n\t\t\t\t\t\t<\/div>\n\t\t\t\t<\/div>\n\t\t\t\t\t<\/div>\n\t\t<\/div>\n\t\t\t\t<div class=\"elementor-column elementor-col-33 elementor-top-column elementor-element elementor-element-04727ae\" data-id=\"04727ae\" data-element_type=\"column\" data-e-type=\"column\">\n\t\t\t<div class=\"elementor-widget-wrap elementor-element-populated\">\n\t\t\t\t\t\t<div class=\"elementor-element elementor-element-0b469dc elementor-cta--skin-classic elementor-animated-content elementor-widget elementor-widget-call-to-action\" data-id=\"0b469dc\" data-element_type=\"widget\" data-e-type=\"widget\" data-widget_type=\"call-to-action.default\">\n\t\t\t\t<div class=\"elementor-widget-container\">\n\t\t\t\t\t\t\t<a class=\"elementor-cta\" href=\"\/de\/technologie\/materialien\/pc-polycarbonat\/\">\n\t\t\t\t\t<div class=\"elementor-cta__bg-wrapper\">\n\t\t\t\t<div class=\"elementor-cta__bg elementor-bg\" style=\"background-image: url(https:\/\/formit.nl\/wp-content\/uploads\/2021\/01\/product-polycarbonaat-1024x768.jpg);\" role=\"img\" aria-label=\"Produkt Polycarbonat\"><\/div>\n\t\t\t\t<div class=\"elementor-cta__bg-overlay\"><\/div>\n\t\t\t<\/div>\n\t\t\t\t\t\t\t<div class=\"elementor-cta__content\">\n\t\t\t\t\n\t\t\t\t\t\t\t\t\t<h2 class=\"elementor-cta__title elementor-cta__content-item elementor-content-item\">\n\t\t\t\t\t\tPC (Polycarbonat)\t\t\t\t\t<\/h2>\n\t\t\t\t\n\t\t\t\t\n\t\t\t\t\t\t\t<\/div>\n\t\t\t\t\t\t<\/a>\n\t\t\t\t\t\t<\/div>\n\t\t\t\t<\/div>\n\t\t\t\t\t<\/div>\n\t\t<\/div>\n\t\t\t\t\t<\/div>\n\t\t<\/section>\n\t\t\t\t<section class=\"elementor-section elementor-top-section elementor-element elementor-element-b25f6e2 elementor-section-boxed elementor-section-height-default elementor-section-height-default\" data-id=\"b25f6e2\" data-element_type=\"section\" data-e-type=\"section\">\n\t\t\t\t\t\t<div class=\"elementor-container elementor-column-gap-default\">\n\t\t\t\t\t<div class=\"elementor-column elementor-col-33 elementor-top-column elementor-element elementor-element-da7ecdc\" data-id=\"da7ecdc\" data-element_type=\"column\" data-e-type=\"column\">\n\t\t\t<div class=\"elementor-widget-wrap elementor-element-populated\">\n\t\t\t\t\t\t<div class=\"elementor-element elementor-element-23755bc elementor-cta--skin-classic elementor-animated-content elementor-widget elementor-widget-call-to-action\" data-id=\"23755bc\" data-element_type=\"widget\" data-e-type=\"widget\" data-widget_type=\"call-to-action.default\">\n\t\t\t\t<div class=\"elementor-widget-container\">\n\t\t\t\t\t\t\t<a class=\"elementor-cta\" href=\"\/de\/technologie\/materialien\/pmma-acryl\/\">\n\t\t\t\t\t<div class=\"elementor-cta__bg-wrapper\">\n\t\t\t\t<div class=\"elementor-cta__bg elementor-bg\" style=\"background-image: url(https:\/\/formit.nl\/wp-content\/uploads\/2021\/01\/formit-product-lightguide-1024x683.jpg);\" role=\"img\" aria-label=\"formit Produktlichtleiter\"><\/div>\n\t\t\t\t<div class=\"elementor-cta__bg-overlay\"><\/div>\n\t\t\t<\/div>\n\t\t\t\t\t\t\t<div class=\"elementor-cta__content\">\n\t\t\t\t\n\t\t\t\t\t\t\t\t\t<h2 class=\"elementor-cta__title elementor-cta__content-item elementor-content-item\">\n\t\t\t\t\t\tPMMA (Acryl)\t\t\t\t\t<\/h2>\n\t\t\t\t\n\t\t\t\t\n\t\t\t\t\t\t\t<\/div>\n\t\t\t\t\t\t<\/a>\n\t\t\t\t\t\t<\/div>\n\t\t\t\t<\/div>\n\t\t\t\t\t<\/div>\n\t\t<\/div>\n\t\t\t\t<div class=\"elementor-column elementor-col-33 elementor-top-column elementor-element elementor-element-22eb9ec\" data-id=\"22eb9ec\" data-element_type=\"column\" data-e-type=\"column\">\n\t\t\t<div class=\"elementor-widget-wrap elementor-element-populated\">\n\t\t\t\t\t\t<div class=\"elementor-element elementor-element-7faad34 elementor-cta--skin-classic elementor-animated-content elementor-widget elementor-widget-call-to-action\" data-id=\"7faad34\" data-element_type=\"widget\" data-e-type=\"widget\" data-widget_type=\"call-to-action.default\">\n\t\t\t\t<div class=\"elementor-widget-container\">\n\t\t\t\t\t\t\t<a class=\"elementor-cta\" href=\"\/de\/technologie\/materialien\/andere-materialien\/\">\n\t\t\t\t\t<div class=\"elementor-cta__bg-wrapper\">\n\t\t\t\t<div class=\"elementor-cta__bg elementor-bg\" style=\"background-image: url(https:\/\/formit.nl\/wp-content\/uploads\/2020\/12\/Formit-kunststof-behuizingen-frezen-voorbeeld-1024x682.jpg);\" role=\"img\" aria-label=\"Beispiel f\u00fcr das Fr\u00e4sen von Formit-Kunststoffgeh\u00e4usen\"><\/div>\n\t\t\t\t<div class=\"elementor-cta__bg-overlay\"><\/div>\n\t\t\t<\/div>\n\t\t\t\t\t\t\t<div class=\"elementor-cta__content\">\n\t\t\t\t\n\t\t\t\t\t\t\t\t\t<h2 class=\"elementor-cta__title elementor-cta__content-item elementor-content-item\">\n\t\t\t\t\t\tWeitere Materialien\t\t\t\t\t<\/h2>\n\t\t\t\t\n\t\t\t\t\n\t\t\t\t\t\t\t<\/div>\n\t\t\t\t\t\t<\/a>\n\t\t\t\t\t\t<\/div>\n\t\t\t\t<\/div>\n\t\t\t\t\t<\/div>\n\t\t<\/div>\n\t\t\t\t<div class=\"elementor-column elementor-col-33 elementor-top-column elementor-element elementor-element-5851661\" data-id=\"5851661\" data-element_type=\"column\" data-e-type=\"column\">\n\t\t\t<div class=\"elementor-widget-wrap\">\n\t\t\t\t\t\t\t<\/div>\n\t\t<\/div>\n\t\t\t\t\t<\/div>\n\t\t<\/section>\n\t\t\t\t<section class=\"elementor-section elementor-top-section elementor-element elementor-element-c9b5ddb elementor-section-boxed elementor-section-height-default elementor-section-height-default\" data-id=\"c9b5ddb\" data-element_type=\"section\" data-e-type=\"section\" data-settings=\"{&quot;background_background&quot;:&quot;gradient&quot;}\">\n\t\t\t\t\t\t<div class=\"elementor-container elementor-column-gap-no\">\n\t\t\t\t\t<div class=\"elementor-column elementor-col-100 elementor-top-column elementor-element elementor-element-ed0f1a8\" data-id=\"ed0f1a8\" data-element_type=\"column\" data-e-type=\"column\">\n\t\t\t<div class=\"elementor-widget-wrap elementor-element-populated\">\n\t\t\t\t\t\t<section class=\"elementor-section elementor-inner-section elementor-element elementor-element-0b1e445 elementor-section-boxed elementor-section-height-default elementor-section-height-default\" data-id=\"0b1e445\" data-element_type=\"section\" data-e-type=\"section\">\n\t\t\t\t\t\t<div class=\"elementor-container elementor-column-gap-default\">\n\t\t\t\t\t<div class=\"elementor-column elementor-col-50 elementor-inner-column elementor-element elementor-element-2702198\" data-id=\"2702198\" data-element_type=\"column\" data-e-type=\"column\">\n\t\t\t<div class=\"elementor-widget-wrap elementor-element-populated\">\n\t\t\t\t\t\t<div class=\"elementor-element elementor-element-a5d29b1 formitshadow elementor-widget elementor-widget-image\" data-id=\"a5d29b1\" data-element_type=\"widget\" data-e-type=\"widget\" data-widget_type=\"image.default\">\n\t\t\t\t<div class=\"elementor-widget-container\">\n\t\t\t\t\t\t\t\t\t\t\t\t\t\t\t<img fetchpriority=\"high\" decoding=\"async\" width=\"2200\" height=\"1650\" src=\"https:\/\/formit.nl\/wp-content\/uploads\/2020\/12\/Formit-kunststof-behuizingen-product-u-u-behuizing.png\" class=\"attachment-full size-full wp-image-4347\" alt=\"Formit-Kunststoff-Geh\u00e4use Produkt u u-Geh\u00e4use\" srcset=\"https:\/\/formit.nl\/wp-content\/uploads\/2020\/12\/Formit-kunststof-behuizingen-product-u-u-behuizing.png 2200w, https:\/\/formit.nl\/wp-content\/uploads\/2020\/12\/Formit-kunststof-behuizingen-product-u-u-behuizing-300x225.png 300w, https:\/\/formit.nl\/wp-content\/uploads\/2020\/12\/Formit-kunststof-behuizingen-product-u-u-behuizing-1024x768.png 1024w, https:\/\/formit.nl\/wp-content\/uploads\/2020\/12\/Formit-kunststof-behuizingen-product-u-u-behuizing-768x576.png 768w, https:\/\/formit.nl\/wp-content\/uploads\/2020\/12\/Formit-kunststof-behuizingen-product-u-u-behuizing-1536x1152.png 1536w, https:\/\/formit.nl\/wp-content\/uploads\/2020\/12\/Formit-kunststof-behuizingen-product-u-u-behuizing-2048x1536.png 2048w\" sizes=\"(max-width: 2200px) 100vw, 2200px\" \/>\t\t\t\t\t\t\t\t\t\t\t\t\t\t\t<\/div>\n\t\t\t\t<\/div>\n\t\t\t\t\t<\/div>\n\t\t<\/div>\n\t\t\t\t<div class=\"elementor-column elementor-col-50 elementor-inner-column elementor-element elementor-element-856bc00\" data-id=\"856bc00\" data-element_type=\"column\" data-e-type=\"column\">\n\t\t\t<div class=\"elementor-widget-wrap elementor-element-populated\">\n\t\t\t\t\t\t<div class=\"elementor-element elementor-element-393f383 elementor-widget elementor-widget-heading\" data-id=\"393f383\" data-element_type=\"widget\" data-e-type=\"widget\" data-widget_type=\"heading.default\">\n\t\t\t\t<div class=\"elementor-widget-container\">\n\t\t\t\t\t<h3 class=\"elementor-heading-title elementor-size-default\">Materialien von Formit<\/h3>\t\t\t\t<\/div>\n\t\t\t\t<\/div>\n\t\t\t\t<div class=\"elementor-element elementor-element-7973778 elementor-widget elementor-widget-text-editor\" data-id=\"7973778\" data-element_type=\"widget\" data-e-type=\"widget\" data-widget_type=\"text-editor.default\">\n\t\t\t\t<div class=\"elementor-widget-container\">\n\t\t\t\t\t\t\t\t\t<p>Formit BV verarbeitet viele Arten von Kunststoffen. Neben den weit verbreiteten HIPS und ABS verarbeiten wir auch verschiedene technische Kunststoffe und eine Reihe von Sandwichmaterialien.<\/p>\t\t\t\t\t\t\t\t<\/div>\n\t\t\t\t<\/div>\n\t\t\t\t\t<\/div>\n\t\t<\/div>\n\t\t\t\t\t<\/div>\n\t\t<\/section>\n\t\t\t\t\t<\/div>\n\t\t<\/div>\n\t\t\t\t\t<\/div>\n\t\t<\/section>\n\t\t\t\t<section class=\"elementor-section elementor-top-section elementor-element elementor-element-0887179 elementor-hidden-tablet elementor-hidden-phone elementor-section-boxed elementor-section-height-default elementor-section-height-default\" data-id=\"0887179\" data-element_type=\"section\" data-e-type=\"section\">\n\t\t\t\t\t\t<div class=\"elementor-container elementor-column-gap-no\">\n\t\t\t\t\t<div class=\"elementor-column elementor-col-100 elementor-top-column elementor-element elementor-element-f58a248\" data-id=\"f58a248\" data-element_type=\"column\" data-e-type=\"column\">\n\t\t\t<div class=\"elementor-widget-wrap elementor-element-populated\">\n\t\t\t\t\t\t<div class=\"elementor-element elementor-element-cc254a6 elementor-widget__width-initial elementor-absolute elementor-widget elementor-widget-image\" data-id=\"cc254a6\" data-element_type=\"widget\" data-e-type=\"widget\" data-settings=\"{&quot;_position&quot;:&quot;absolute&quot;}\" data-widget_type=\"image.default\">\n\t\t\t\t<div class=\"elementor-widget-container\">\n\t\t\t\t\t\t\t\t\t\t\t\t\t\t\t<img decoding=\"async\" src=\"https:\/\/formit.nl\/wp-content\/uploads\/2019\/12\/service-effect.svg\" class=\"attachment-full size-full wp-image-375\" alt=\"Service-Effekt\" \/>\t\t\t\t\t\t\t\t\t\t\t\t\t\t\t<\/div>\n\t\t\t\t<\/div>\n\t\t\t\t\t<\/div>\n\t\t<\/div>\n\t\t\t\t\t<\/div>\n\t\t<\/section>\n\t\t\t\t<\/div>","protected":false},"excerpt":{"rendered":"<p>&nbsp; HIPS (High Impact Polystyrol) ABS PC (Polycarbonat) PMMA (Acrylat) Andere Materialien Materialien von Formit Formit BV verarbeitet viele Arten von Kunststoffen. Neben den weit verbreiteten HIPS und ABS verarbeiten wir auch verschiedene technische Kunststoffe und eine Reihe von Sandwichmaterialien.<\/p>","protected":false},"author":1,"featured_media":0,"parent":2947,"menu_order":0,"comment_status":"closed","ping_status":"closed","template":"elementor_header_footer","meta":{"_acf_changed":false,"footnotes":""},"class_list":["post-3137","page","type-page","status-publish","hentry"],"acf":[],"yoast_head":"<!-- This site is optimized with the Yoast SEO plugin v27.3 - https:\/\/yoast.com\/product\/yoast-seo-wordpress\/ -->\n<title>Hoogwaardige kunststoffen voor behuizingen op maat - Formit BV<\/title>\n<meta name=\"description\" content=\"Ontdek onze materialen voor kunststof behuizingen. Van HIPS en ABS tot technische kunststoffen en sandwichpanelen. Maatwerk zonder matrijzen.\" \/>\n<meta name=\"robots\" content=\"index, follow, max-snippet:-1, max-image-preview:large, max-video-preview:-1\" \/>\n<link rel=\"canonical\" href=\"https:\/\/formit.nl\/de\/technologie\/materialien\/\" \/>\n<meta property=\"og:locale\" content=\"de_DE\" \/>\n<meta property=\"og:type\" content=\"article\" \/>\n<meta property=\"og:title\" content=\"Hoogwaardige kunststoffen voor behuizingen op maat - Formit BV\" \/>\n<meta property=\"og:description\" content=\"Ontdek onze materialen voor kunststof behuizingen. Van HIPS en ABS tot technische kunststoffen en sandwichpanelen. Maatwerk zonder matrijzen.\" \/>\n<meta property=\"og:url\" content=\"https:\/\/formit.nl\/de\/technologie\/materialien\/\" \/>\n<meta property=\"og:site_name\" content=\"Formit BV\" \/>\n<meta property=\"article:modified_time\" content=\"2026-03-18T08:50:58+00:00\" \/>\n<meta property=\"og:image\" content=\"https:\/\/formit.nl\/wp-content\/uploads\/2020\/12\/Formit-kunststof-behuizingen-product-u-u-behuizing.png\" \/>\n<meta name=\"twitter:card\" content=\"summary_large_image\" \/>\n<meta name=\"twitter:label1\" content=\"Gesch\u00e4tzte Lesezeit\" \/>\n\t<meta name=\"twitter:data1\" content=\"1\u00a0Minute\" \/>\n<script type=\"application\/ld+json\" class=\"yoast-schema-graph\">{\"@context\":\"https:\\\/\\\/schema.org\",\"@graph\":[{\"@type\":\"WebPage\",\"@id\":\"https:\\\/\\\/formit.nl\\\/technologie\\\/materialen\\\/\",\"url\":\"https:\\\/\\\/formit.nl\\\/technologie\\\/materialen\\\/\",\"name\":\"Hoogwaardige kunststoffen voor behuizingen op maat - Formit BV\",\"isPartOf\":{\"@id\":\"https:\\\/\\\/formit.nl\\\/#website\"},\"primaryImageOfPage\":{\"@id\":\"https:\\\/\\\/formit.nl\\\/technologie\\\/materialen\\\/#primaryimage\"},\"image\":{\"@id\":\"https:\\\/\\\/formit.nl\\\/technologie\\\/materialen\\\/#primaryimage\"},\"thumbnailUrl\":\"https:\\\/\\\/formit.nl\\\/wp-content\\\/uploads\\\/2020\\\/12\\\/Formit-kunststof-behuizingen-product-u-u-behuizing.png\",\"datePublished\":\"2020-04-29T13:37:15+00:00\",\"dateModified\":\"2026-03-18T08:50:58+00:00\",\"description\":\"Ontdek onze materialen voor kunststof behuizingen. Van HIPS en ABS tot technische kunststoffen en sandwichpanelen. Maatwerk zonder matrijzen.\",\"breadcrumb\":{\"@id\":\"https:\\\/\\\/formit.nl\\\/technologie\\\/materialen\\\/#breadcrumb\"},\"inLanguage\":\"de\",\"potentialAction\":[{\"@type\":\"ReadAction\",\"target\":[\"https:\\\/\\\/formit.nl\\\/technologie\\\/materialen\\\/\"]}]},{\"@type\":\"ImageObject\",\"inLanguage\":\"de\",\"@id\":\"https:\\\/\\\/formit.nl\\\/technologie\\\/materialen\\\/#primaryimage\",\"url\":\"https:\\\/\\\/formit.nl\\\/wp-content\\\/uploads\\\/2020\\\/12\\\/Formit-kunststof-behuizingen-product-u-u-behuizing.png\",\"contentUrl\":\"https:\\\/\\\/formit.nl\\\/wp-content\\\/uploads\\\/2020\\\/12\\\/Formit-kunststof-behuizingen-product-u-u-behuizing.png\"},{\"@type\":\"BreadcrumbList\",\"@id\":\"https:\\\/\\\/formit.nl\\\/technologie\\\/materialen\\\/#breadcrumb\",\"itemListElement\":[{\"@type\":\"ListItem\",\"position\":1,\"name\":\"Home\",\"item\":\"https:\\\/\\\/formit.nl\\\/\"},{\"@type\":\"ListItem\",\"position\":2,\"name\":\"Technologie\",\"item\":\"https:\\\/\\\/formit.nl\\\/technologie\\\/\"},{\"@type\":\"ListItem\",\"position\":3,\"name\":\"Materialen\"}]},{\"@type\":\"WebSite\",\"@id\":\"https:\\\/\\\/formit.nl\\\/#website\",\"url\":\"https:\\\/\\\/formit.nl\\\/\",\"name\":\"Formit BV\",\"description\":\"Kunststof behuizingen zonder matrijzen - behuizing op maat\",\"publisher\":{\"@id\":\"https:\\\/\\\/formit.nl\\\/#organization\"},\"potentialAction\":[{\"@type\":\"SearchAction\",\"target\":{\"@type\":\"EntryPoint\",\"urlTemplate\":\"https:\\\/\\\/formit.nl\\\/?s={search_term_string}\"},\"query-input\":{\"@type\":\"PropertyValueSpecification\",\"valueRequired\":true,\"valueName\":\"search_term_string\"}}],\"inLanguage\":\"de\"},{\"@type\":\"Organization\",\"@id\":\"https:\\\/\\\/formit.nl\\\/#organization\",\"name\":\"Formit BV\",\"url\":\"https:\\\/\\\/formit.nl\\\/\",\"logo\":{\"@type\":\"ImageObject\",\"inLanguage\":\"de\",\"@id\":\"https:\\\/\\\/formit.nl\\\/#\\\/schema\\\/logo\\\/image\\\/\",\"url\":\"https:\\\/\\\/formit.nl\\\/wp-content\\\/uploads\\\/2020\\\/04\\\/formit_logo_300.png\",\"contentUrl\":\"https:\\\/\\\/formit.nl\\\/wp-content\\\/uploads\\\/2020\\\/04\\\/formit_logo_300.png\",\"width\":1134,\"height\":301,\"caption\":\"Formit BV\"},\"image\":{\"@id\":\"https:\\\/\\\/formit.nl\\\/#\\\/schema\\\/logo\\\/image\\\/\"}}]}<\/script>\n<!-- \/ Yoast SEO plugin. -->","yoast_head_json":{"title":"Werkstoffe f\u00fcr Geh\u00e4use: HIPS, ABS &amp; Acrylglas - Formit BV","description":"Die richtige Materialwahl f\u00fcr Ihr Projekt. Entdecken Sie technische Kunststoffe mit hoher Schlagfestigkeit und chemischer Best\u00e4ndigkeit bei Formit.","robots":{"index":"index","follow":"follow","max-snippet":"max-snippet:-1","max-image-preview":"max-image-preview:large","max-video-preview":"max-video-preview:-1"},"canonical":"https:\/\/formit.nl\/de\/technologie\/materialien\/","og_locale":"de_DE","og_type":"article","og_title":"Hoogwaardige kunststoffen voor behuizingen op maat - Formit BV","og_description":"Ontdek onze materialen voor kunststof behuizingen. Van HIPS en ABS tot technische kunststoffen en sandwichpanelen. Maatwerk zonder matrijzen.","og_url":"https:\/\/formit.nl\/de\/technologie\/materialien\/","og_site_name":"Formit BV","article_modified_time":"2026-03-18T08:50:58+00:00","og_image":[{"url":"https:\/\/formit.nl\/wp-content\/uploads\/2020\/12\/Formit-kunststof-behuizingen-product-u-u-behuizing.png","type":"","width":"","height":""}],"twitter_card":"summary_large_image","twitter_misc":{"Gesch\u00e4tzte Lesezeit":"1\u00a0Minute"},"schema":{"@context":"https:\/\/schema.org","@graph":[{"@type":"WebPage","@id":"https:\/\/formit.nl\/technologie\/materialen\/","url":"https:\/\/formit.nl\/technologie\/materialen\/","name":"Werkstoffe f\u00fcr Geh\u00e4use: HIPS, ABS &amp; Acrylglas - Formit BV","isPartOf":{"@id":"https:\/\/formit.nl\/#website"},"primaryImageOfPage":{"@id":"https:\/\/formit.nl\/technologie\/materialen\/#primaryimage"},"image":{"@id":"https:\/\/formit.nl\/technologie\/materialen\/#primaryimage"},"thumbnailUrl":"https:\/\/formit.nl\/wp-content\/uploads\/2020\/12\/Formit-kunststof-behuizingen-product-u-u-behuizing.png","datePublished":"2020-04-29T13:37:15+00:00","dateModified":"2026-03-18T08:50:58+00:00","description":"Die richtige Materialwahl f\u00fcr Ihr Projekt. Entdecken Sie technische Kunststoffe mit hoher Schlagfestigkeit und chemischer Best\u00e4ndigkeit bei Formit.","breadcrumb":{"@id":"https:\/\/formit.nl\/technologie\/materialen\/#breadcrumb"},"inLanguage":"de","potentialAction":[{"@type":"ReadAction","target":["https:\/\/formit.nl\/technologie\/materialen\/"]}]},{"@type":"ImageObject","inLanguage":"de","@id":"https:\/\/formit.nl\/technologie\/materialen\/#primaryimage","url":"https:\/\/formit.nl\/wp-content\/uploads\/2020\/12\/Formit-kunststof-behuizingen-product-u-u-behuizing.png","contentUrl":"https:\/\/formit.nl\/wp-content\/uploads\/2020\/12\/Formit-kunststof-behuizingen-product-u-u-behuizing.png"},{"@type":"BreadcrumbList","@id":"https:\/\/formit.nl\/technologie\/materialen\/#breadcrumb","itemListElement":[{"@type":"ListItem","position":1,"name":"Home","item":"https:\/\/formit.nl\/"},{"@type":"ListItem","position":2,"name":"Technologie","item":"https:\/\/formit.nl\/technologie\/"},{"@type":"ListItem","position":3,"name":"Materialen"}]},{"@type":"WebSite","@id":"https:\/\/formit.nl\/#website","url":"https:\/\/formit.nl\/","name":"Formit BV","description":"Kunststoffgeh\u00e4use ohne Formen - Sondergeh\u00e4use","publisher":{"@id":"https:\/\/formit.nl\/#organization"},"potentialAction":[{"@type":"SearchAction","target":{"@type":"EntryPoint","urlTemplate":"https:\/\/formit.nl\/?s={search_term_string}"},"query-input":{"@type":"PropertyValueSpecification","valueRequired":true,"valueName":"search_term_string"}}],"inLanguage":"de"},{"@type":"Organization","@id":"https:\/\/formit.nl\/#organization","name":"Formit BV","url":"https:\/\/formit.nl\/","logo":{"@type":"ImageObject","inLanguage":"de","@id":"https:\/\/formit.nl\/#\/schema\/logo\/image\/","url":"https:\/\/formit.nl\/wp-content\/uploads\/2020\/04\/formit_logo_300.png","contentUrl":"https:\/\/formit.nl\/wp-content\/uploads\/2020\/04\/formit_logo_300.png","width":1134,"height":301,"caption":"Formit BV"},"image":{"@id":"https:\/\/formit.nl\/#\/schema\/logo\/image\/"}}]}},"_links":{"self":[{"href":"https:\/\/formit.nl\/de\/wp-json\/wp\/v2\/pages\/3137","targetHints":{"allow":["GET"]}}],"collection":[{"href":"https:\/\/formit.nl\/de\/wp-json\/wp\/v2\/pages"}],"about":[{"href":"https:\/\/formit.nl\/de\/wp-json\/wp\/v2\/types\/page"}],"author":[{"embeddable":true,"href":"https:\/\/formit.nl\/de\/wp-json\/wp\/v2\/users\/1"}],"replies":[{"embeddable":true,"href":"https:\/\/formit.nl\/de\/wp-json\/wp\/v2\/comments?post=3137"}],"version-history":[{"count":53,"href":"https:\/\/formit.nl\/de\/wp-json\/wp\/v2\/pages\/3137\/revisions"}],"predecessor-version":[{"id":6451,"href":"https:\/\/formit.nl\/de\/wp-json\/wp\/v2\/pages\/3137\/revisions\/6451"}],"up":[{"embeddable":true,"href":"https:\/\/formit.nl\/de\/wp-json\/wp\/v2\/pages\/2947"}],"wp:attachment":[{"href":"https:\/\/formit.nl\/de\/wp-json\/wp\/v2\/media?parent=3137"}],"curies":[{"name":"wp","href":"https:\/\/api.w.org\/{rel}","templated":true}]}}