{"id":3171,"date":"2020-04-29T14:54:47","date_gmt":"2020-04-29T14:54:47","guid":{"rendered":"https:\/\/formit.nl\/?page_id=3171"},"modified":"2026-03-18T10:06:10","modified_gmt":"2026-03-18T09:06:10","slug":"sitemap","status":"publish","type":"page","link":"https:\/\/formit.nl\/de\/sitemap\/","title":{"rendered":"Seitenverzeichnis"},"content":{"rendered":"<div data-elementor-type=\"wp-page\" data-elementor-id=\"3171\" class=\"elementor elementor-3171\" data-elementor-post-type=\"page\">\n\t\t\t\t\t\t<section class=\"elementor-section elementor-top-section elementor-element elementor-element-79674c9 elementor-section-boxed elementor-section-height-default elementor-section-height-default\" data-id=\"79674c9\" data-element_type=\"section\" data-e-type=\"section\" data-settings=\"{&quot;background_background&quot;:&quot;classic&quot;}\">\n\t\t\t\t\t\t<div class=\"elementor-container elementor-column-gap-default\">\n\t\t\t\t\t<div class=\"elementor-column elementor-col-100 elementor-top-column elementor-element elementor-element-8131b8a\" data-id=\"8131b8a\" data-element_type=\"column\" data-e-type=\"column\">\n\t\t\t<div class=\"elementor-widget-wrap elementor-element-populated\">\n\t\t\t\t\t\t<div class=\"elementor-element elementor-element-ad77dcc elementor-widget elementor-widget-breadcrumbs\" data-id=\"ad77dcc\" data-element_type=\"widget\" data-e-type=\"widget\" data-widget_type=\"breadcrumbs.default\">\n\t\t\t\t<div class=\"elementor-widget-container\">\n\t\t\t\t\t<p id=\"breadcrumbs\"><span><span><a href=\"https:\/\/formit.nl\/de\/\">Startseite<\/a><\/span><\/span><\/p>\t\t\t\t<\/div>\n\t\t\t\t<\/div>\n\t\t\t\t\t<\/div>\n\t\t<\/div>\n\t\t\t\t\t<\/div>\n\t\t<\/section>\n\t\t\t\t<section class=\"elementor-section elementor-top-section elementor-element elementor-element-70d35aa elementor-section-boxed elementor-section-height-default elementor-section-height-default\" data-id=\"70d35aa\" data-element_type=\"section\" data-e-type=\"section\">\n\t\t\t\t\t\t<div class=\"elementor-container elementor-column-gap-default\">\n\t\t\t\t\t<div class=\"elementor-column elementor-col-100 elementor-top-column elementor-element elementor-element-0ba12ae\" data-id=\"0ba12ae\" data-element_type=\"column\" data-e-type=\"column\">\n\t\t\t<div class=\"elementor-widget-wrap elementor-element-populated\">\n\t\t\t\t\t\t<div class=\"elementor-element elementor-element-b9b1af6 elementor-widget elementor-widget-sitemap\" data-id=\"b9b1af6\" data-element_type=\"widget\" data-e-type=\"widget\" data-widget_type=\"sitemap.default\">\n\t\t\t\t<div class=\"elementor-widget-container\">\n\t\t\t\t\t<div class=\"elementor-sitemap-wrap\"><div class=\"elementor-sitemap-section\"><h2 class=\"elementor-sitemap-title elementor-sitemap-page-title\"> <\/h2><ul class=\"elementor-sitemap-list elementor-sitemap-page-list\"><li class=\"elementor-sitemap-item elementor-sitemap-item-page page_item page-item-3\"><a href=\"https:\/\/formit.nl\/de\/privacybeleid\/\">Datenschutz-Bestimmungen<\/a><\/li><li class=\"elementor-sitemap-item elementor-sitemap-item-page page_item page-item-54 translation-block\">Kunststoffgeh\u00e4use <br> \nohne Gussformen<\/li><li class=\"elementor-sitemap-item elementor-sitemap-item-page page_item page-item-3169\"><a href=\"https:\/\/formit.nl\/de\/vacatures\/\">Stellenangebote<\/a><\/li><li class=\"elementor-sitemap-item elementor-sitemap-item-page page_item page-item-3171\"><a href=\"https:\/\/formit.nl\/de\/sitemap\/\">Seitenverzeichnis<\/a><\/li><li class=\"elementor-sitemap-item elementor-sitemap-item-page page_item page-item-3173\"><a href=\"https:\/\/formit.nl\/de\/beurzen\/\">Stipendien<\/a><\/li><li class=\"elementor-sitemap-item elementor-sitemap-item-page page_item page-item-358\"><a href=\"https:\/\/formit.nl\/de\/contact\/\">Kontakt<\/a><\/li><li class=\"elementor-sitemap-item elementor-sitemap-item-page page_item page-item-3175\"><a href=\"https:\/\/formit.nl\/de\/algemene-voorwaarden\/\">Gesch\u00e4ftsbedingungen<\/a><\/li><li class=\"elementor-sitemap-item elementor-sitemap-item-page page_item page-item-3177\"><a href=\"https:\/\/formit.nl\/de\/disclaimer\/\">Haftungsausschluss<\/a><\/li><li class=\"elementor-sitemap-item elementor-sitemap-item-page page_item page-item-3693\"><a href=\"https:\/\/formit.nl\/de\/nieuws\/\">Neuigkeiten<\/a><\/li><li class=\"elementor-sitemap-item elementor-sitemap-item-page page_item page-item-2946\"><a href=\"https:\/\/formit.nl\/de\/over-formit\/\">\u00dcber Formit<\/a><\/li><li class=\"elementor-sitemap-item elementor-sitemap-item-page page_item page-item-2947\"><a href=\"https:\/\/formit.nl\/de\/technologie\/\">Technologie<\/a><ul class='children'><li class=\"elementor-sitemap-item elementor-sitemap-item-page page_item page-item-3079\"><a href=\"https:\/\/formit.nl\/de\/technologie\/bewerking\/\">Verarbeitung<\/a><ul class='children'><li class=\"elementor-sitemap-item elementor-sitemap-item-page page_item page-item-3087\"><a href=\"https:\/\/formit.nl\/de\/technologie\/bewerking\/frezen\/\">Fr\u00e4sen<\/a><\/li><li class=\"elementor-sitemap-item elementor-sitemap-item-page page_item page-item-3093\"><a href=\"https:\/\/formit.nl\/de\/technologie\/bewerking\/facetteren\/\">Facettieren<\/a><\/li><li class=\"elementor-sitemap-item elementor-sitemap-item-page page_item page-item-3098\"><a href=\"https:\/\/formit.nl\/de\/technologie\/bewerking\/inpersen\/\">Eindr\u00fccken<\/a><\/li><li class=\"elementor-sitemap-item elementor-sitemap-item-page page_item page-item-3103\"><a href=\"https:\/\/formit.nl\/de\/technologie\/bewerking\/printen\/\">Drucken<\/a><\/li><li class=\"elementor-sitemap-item elementor-sitemap-item-page page_item page-item-3108\"><a href=\"https:\/\/formit.nl\/de\/technologie\/bewerking\/lassen\/\">Schwei\u00dfen<\/a><\/li><li class=\"elementor-sitemap-item elementor-sitemap-item-page page_item page-item-3109\"><a href=\"https:\/\/formit.nl\/de\/technologie\/bewerking\/buigen\/\">Biegen<\/a><\/li><li class=\"elementor-sitemap-item elementor-sitemap-item-page page_item page-item-4473\"><a href=\"https:\/\/formit.nl\/de\/technologie\/bewerking\/lasersnijden\/\">Laserschneiden<\/a><\/li><\/ul><\/li><li class=\"elementor-sitemap-item elementor-sitemap-item-page page_item page-item-3083\"><a href=\"https:\/\/formit.nl\/de\/technologie\/nabewerkingen\/\">Nachbearbeitung<\/a><ul class='children'><li class=\"elementor-sitemap-item elementor-sitemap-item-page page_item page-item-3120\"><a href=\"https:\/\/formit.nl\/de\/technologie\/nabewerkingen\/lasergraveren\/\">Lasergravur<\/a><\/li><li class=\"elementor-sitemap-item elementor-sitemap-item-page page_item page-item-3121\"><a href=\"https:\/\/formit.nl\/de\/technologie\/nabewerkingen\/lakken\/\">Lackierung<\/a><\/li><\/ul><\/li><li class=\"elementor-sitemap-item elementor-sitemap-item-page page_item page-item-3137\"><a href=\"https:\/\/formit.nl\/de\/technologie\/materialen\/\">Materialien<\/a><ul class='children'><li class=\"elementor-sitemap-item elementor-sitemap-item-page page_item page-item-4485\"><a href=\"https:\/\/formit.nl\/de\/technologie\/materialen\/hips-high-impact-polystyrene\/\">HIPS (High Impact Polystyrol)<\/a><\/li><li class=\"elementor-sitemap-item elementor-sitemap-item-page page_item page-item-4493\"><a href=\"https:\/\/formit.nl\/de\/technologie\/materialen\/abs\/\">ABS<\/a><\/li><li class=\"elementor-sitemap-item elementor-sitemap-item-page page_item page-item-4498\"><a href=\"https:\/\/formit.nl\/de\/technologie\/materialen\/pc-polycarbonaat\/\">PC (Polycarbonat)<\/a><\/li><li class=\"elementor-sitemap-item elementor-sitemap-item-page page_item page-item-4503\"><a href=\"https:\/\/formit.nl\/de\/technologie\/materialen\/pmma-acrylaat\/\">PMMA (Acryl)<\/a><\/li><li class=\"elementor-sitemap-item elementor-sitemap-item-page page_item page-item-4508\"><a href=\"https:\/\/formit.nl\/de\/technologie\/materialen\/overige-materialen\/\">Weitere Materialien<\/a><\/li><\/ul><\/li><li class=\"elementor-sitemap-item elementor-sitemap-item-page page_item page-item-3068\"><a href=\"https:\/\/formit.nl\/de\/technologie\/engineering\/\">Engineering<\/a><\/li><\/ul><\/li><li class=\"elementor-sitemap-item elementor-sitemap-item-page page_item page-item-2948\"><a href=\"https:\/\/formit.nl\/de\/producten\/\">Produkte<\/a><\/li><\/ul><\/div><\/div>\t\t\t\t<\/div>\n\t\t\t\t<\/div>\n\t\t\t\t\t<\/div>\n\t\t<\/div>\n\t\t\t\t\t<\/div>\n\t\t<\/section>\n\t\t\t\t<\/div>","protected":false},"excerpt":{"rendered":"","protected":false},"author":1,"featured_media":0,"parent":0,"menu_order":0,"comment_status":"closed","ping_status":"closed","template":"elementor_header_footer","meta":{"_acf_changed":false,"footnotes":""},"class_list":["post-3171","page","type-page","status-publish","hentry"],"acf":[],"yoast_head":"<!-- This site is optimized with the Yoast SEO plugin v27.3 - https:\/\/yoast.com\/product\/yoast-seo-wordpress\/ -->\n<title>Sitemap \u2013 Overzicht van alle pagina&#039;s | Formit BV<\/title>\n<meta name=\"description\" content=\"Bekijk het volledige overzicht van Formit.nl. Vind snel informatie over onze kunststof behuizingen, bewerkingen, materialen en engineering.\" \/>\n<meta name=\"robots\" content=\"index, follow, max-snippet:-1, max-image-preview:large, max-video-preview:-1\" \/>\n<link rel=\"canonical\" href=\"https:\/\/formit.nl\/de\/sitemap\/\" \/>\n<meta property=\"og:locale\" content=\"de_DE\" \/>\n<meta property=\"og:type\" content=\"article\" \/>\n<meta property=\"og:title\" content=\"Sitemap \u2013 Overzicht van alle pagina&#039;s | Formit BV\" \/>\n<meta property=\"og:description\" content=\"Bekijk het volledige overzicht van Formit.nl. Vind snel informatie over onze kunststof behuizingen, bewerkingen, materialen en engineering.\" \/>\n<meta property=\"og:url\" content=\"https:\/\/formit.nl\/de\/sitemap\/\" \/>\n<meta property=\"og:site_name\" content=\"Formit BV\" \/>\n<meta property=\"article:modified_time\" content=\"2026-03-18T09:06:10+00:00\" \/>\n<meta name=\"twitter:card\" content=\"summary_large_image\" \/>\n<script type=\"application\/ld+json\" class=\"yoast-schema-graph\">{\"@context\":\"https:\\\/\\\/schema.org\",\"@graph\":[{\"@type\":\"WebPage\",\"@id\":\"https:\\\/\\\/formit.nl\\\/sitemap\\\/\",\"url\":\"https:\\\/\\\/formit.nl\\\/sitemap\\\/\",\"name\":\"Sitemap \u2013 Overzicht van alle pagina's | Formit BV\",\"isPartOf\":{\"@id\":\"https:\\\/\\\/formit.nl\\\/#website\"},\"datePublished\":\"2020-04-29T14:54:47+00:00\",\"dateModified\":\"2026-03-18T09:06:10+00:00\",\"description\":\"Bekijk het volledige overzicht van Formit.nl. Vind snel informatie over onze kunststof behuizingen, bewerkingen, materialen en engineering.\",\"breadcrumb\":{\"@id\":\"https:\\\/\\\/formit.nl\\\/sitemap\\\/#breadcrumb\"},\"inLanguage\":\"de\",\"potentialAction\":[{\"@type\":\"ReadAction\",\"target\":[\"https:\\\/\\\/formit.nl\\\/sitemap\\\/\"]}]},{\"@type\":\"BreadcrumbList\",\"@id\":\"https:\\\/\\\/formit.nl\\\/sitemap\\\/#breadcrumb\",\"itemListElement\":[{\"@type\":\"ListItem\",\"position\":1,\"name\":\"Home\",\"item\":\"https:\\\/\\\/formit.nl\\\/\"},{\"@type\":\"ListItem\",\"position\":2,\"name\":\"Sitemap\"}]},{\"@type\":\"WebSite\",\"@id\":\"https:\\\/\\\/formit.nl\\\/#website\",\"url\":\"https:\\\/\\\/formit.nl\\\/\",\"name\":\"Formit BV\",\"description\":\"Kunststof behuizingen zonder matrijzen - behuizing op maat\",\"publisher\":{\"@id\":\"https:\\\/\\\/formit.nl\\\/#organization\"},\"potentialAction\":[{\"@type\":\"SearchAction\",\"target\":{\"@type\":\"EntryPoint\",\"urlTemplate\":\"https:\\\/\\\/formit.nl\\\/?s={search_term_string}\"},\"query-input\":{\"@type\":\"PropertyValueSpecification\",\"valueRequired\":true,\"valueName\":\"search_term_string\"}}],\"inLanguage\":\"de\"},{\"@type\":\"Organization\",\"@id\":\"https:\\\/\\\/formit.nl\\\/#organization\",\"name\":\"Formit BV\",\"url\":\"https:\\\/\\\/formit.nl\\\/\",\"logo\":{\"@type\":\"ImageObject\",\"inLanguage\":\"de\",\"@id\":\"https:\\\/\\\/formit.nl\\\/#\\\/schema\\\/logo\\\/image\\\/\",\"url\":\"https:\\\/\\\/formit.nl\\\/wp-content\\\/uploads\\\/2020\\\/04\\\/formit_logo_300.png\",\"contentUrl\":\"https:\\\/\\\/formit.nl\\\/wp-content\\\/uploads\\\/2020\\\/04\\\/formit_logo_300.png\",\"width\":1134,\"height\":301,\"caption\":\"Formit BV\"},\"image\":{\"@id\":\"https:\\\/\\\/formit.nl\\\/#\\\/schema\\\/logo\\\/image\\\/\"}}]}<\/script>\n<!-- \/ Yoast SEO plugin. -->","yoast_head_json":{"title":"Sitemap \u2013 \u00dcbersicht aller Seiten | Formit BV","description":"Sehen Sie sich die vollst\u00e4ndige \u00dcbersicht von Formit.nl an. Finden Sie schnell Informationen \u00fcber unsere Kunststoffgeh\u00e4use, Bearbeitungen, Materialien und Konstruktion.","robots":{"index":"index","follow":"follow","max-snippet":"max-snippet:-1","max-image-preview":"max-image-preview:large","max-video-preview":"max-video-preview:-1"},"canonical":"https:\/\/formit.nl\/de\/sitemap\/","og_locale":"de_DE","og_type":"article","og_title":"Sitemap \u2013 Overzicht van alle pagina's | Formit BV","og_description":"Bekijk het volledige overzicht van Formit.nl. Vind snel informatie over onze kunststof behuizingen, bewerkingen, materialen en engineering.","og_url":"https:\/\/formit.nl\/de\/sitemap\/","og_site_name":"Formit BV","article_modified_time":"2026-03-18T09:06:10+00:00","twitter_card":"summary_large_image","schema":{"@context":"https:\/\/schema.org","@graph":[{"@type":"WebPage","@id":"https:\/\/formit.nl\/sitemap\/","url":"https:\/\/formit.nl\/sitemap\/","name":"Sitemap \u2013 \u00dcbersicht aller Seiten | Formit BV","isPartOf":{"@id":"https:\/\/formit.nl\/#website"},"datePublished":"2020-04-29T14:54:47+00:00","dateModified":"2026-03-18T09:06:10+00:00","description":"Sehen Sie sich die vollst\u00e4ndige \u00dcbersicht von Formit.nl an. Finden Sie schnell Informationen \u00fcber unsere Kunststoffgeh\u00e4use, Bearbeitungen, Materialien und Konstruktion.","breadcrumb":{"@id":"https:\/\/formit.nl\/sitemap\/#breadcrumb"},"inLanguage":"de","potentialAction":[{"@type":"ReadAction","target":["https:\/\/formit.nl\/sitemap\/"]}]},{"@type":"BreadcrumbList","@id":"https:\/\/formit.nl\/sitemap\/#breadcrumb","itemListElement":[{"@type":"ListItem","position":1,"name":"Home","item":"https:\/\/formit.nl\/"},{"@type":"ListItem","position":2,"name":"Sitemap"}]},{"@type":"WebSite","@id":"https:\/\/formit.nl\/#website","url":"https:\/\/formit.nl\/","name":"Formit BV","description":"Kunststoffgeh\u00e4use ohne Formen - Sondergeh\u00e4use","publisher":{"@id":"https:\/\/formit.nl\/#organization"},"potentialAction":[{"@type":"SearchAction","target":{"@type":"EntryPoint","urlTemplate":"https:\/\/formit.nl\/?s={search_term_string}"},"query-input":{"@type":"PropertyValueSpecification","valueRequired":true,"valueName":"search_term_string"}}],"inLanguage":"de"},{"@type":"Organization","@id":"https:\/\/formit.nl\/#organization","name":"Formit BV","url":"https:\/\/formit.nl\/","logo":{"@type":"ImageObject","inLanguage":"de","@id":"https:\/\/formit.nl\/#\/schema\/logo\/image\/","url":"https:\/\/formit.nl\/wp-content\/uploads\/2020\/04\/formit_logo_300.png","contentUrl":"https:\/\/formit.nl\/wp-content\/uploads\/2020\/04\/formit_logo_300.png","width":1134,"height":301,"caption":"Formit BV"},"image":{"@id":"https:\/\/formit.nl\/#\/schema\/logo\/image\/"}}]}},"_links":{"self":[{"href":"https:\/\/formit.nl\/de\/wp-json\/wp\/v2\/pages\/3171","targetHints":{"allow":["GET"]}}],"collection":[{"href":"https:\/\/formit.nl\/de\/wp-json\/wp\/v2\/pages"}],"about":[{"href":"https:\/\/formit.nl\/de\/wp-json\/wp\/v2\/types\/page"}],"author":[{"embeddable":true,"href":"https:\/\/formit.nl\/de\/wp-json\/wp\/v2\/users\/1"}],"replies":[{"embeddable":true,"href":"https:\/\/formit.nl\/de\/wp-json\/wp\/v2\/comments?post=3171"}],"version-history":[{"count":28,"href":"https:\/\/formit.nl\/de\/wp-json\/wp\/v2\/pages\/3171\/revisions"}],"predecessor-version":[{"id":6149,"href":"https:\/\/formit.nl\/de\/wp-json\/wp\/v2\/pages\/3171\/revisions\/6149"}],"wp:attachment":[{"href":"https:\/\/formit.nl\/de\/wp-json\/wp\/v2\/media?parent=3171"}],"curies":[{"name":"wp","href":"https:\/\/api.w.org\/{rel}","templated":true}]}}